{"id":1027,"date":"2022-06-24T06:37:46","date_gmt":"2022-06-24T06:37:46","guid":{"rendered":"https:\/\/epsis.com\/?page_id=1027"},"modified":"2026-02-04T13:44:19","modified_gmt":"2026-02-04T13:44:19","slug":"epsis","status":"publish","type":"page","link":"https:\/\/epsis.com\/no\/","title":{"rendered":"Epsis - Fremtidens arbeid"},"content":{"rendered":"<div class=\"wpb-content-wrapper\"><div data-vc-full-width=\"true\" data-vc-full-width-temp=\"true\" data-vc-full-width-init=\"false\" data-vc-parallax=\"1.5\" class=\"vc_row wpb_row vc_row-fluid vc_custom_1664961840965 vc_row-has-fill vc_row-o-equal-height vc_row-o-content-middle vc_row-flex vc_general vc_parallax vc_parallax-content-moving\"><div class=\"wpb_animate_when_almost_visible wpb_fadeIn fadeIn wpb_column vc_column_container vc_col-sm-12\"><div class=\"vc_column-inner vc_custom_1757924282626\"><div class=\"wpb_wrapper\">\n\t<div class=\"wpb_text_column wpb_content_element introtekst\" >\n\t\t<div class=\"wpb_wrapper\">\n\t\t\t<h3 style=\"font-size: 12px; letter-spacing: 2px; text-transform: uppercase;\">#FUTUREOFWORK<\/h3>\n<h1>Vi hjelper virksomheter <i class=\"brygada-text\">Optimalisering av driften p\u00e5 alle niv\u00e5er<\/i> - der sanntidspresisjon og strategisk samarbeid forenes<\/h1>\n\n\t\t<\/div>\n\t<\/div>\n<\/div><\/div><\/div><\/div><div class=\"vc_row-full-width vc_clearfix\"><\/div><div class=\"vc_row wpb_row vc_row-fluid wpb_animate_when_almost_visible wpb_fadeIn fadeIn vc_custom_1758009447695 vc_row-has-fill vc_row-o-equal-height vc_row-o-content-middle vc_row-flex\"><div data-vc-parallax=\"1.5\" class=\"wpb_animate_when_almost_visible wpb_fadeIn fadeIn wpb_column vc_column_container vc_col-sm-4 vc_col-has-fill vc_general vc_parallax vc_parallax-content-moving\"><div class=\"vc_column-inner vc_custom_1757924246232\"><div class=\"wpb_wrapper\">\n\t<div class=\"wpb_text_column wpb_content_element on-dark\" >\n\t\t<div class=\"wpb_wrapper\">\n\t\t\t<h2>V\u00e5rt m\u00e5l er \u00e5 forbedre m\u00e5ten folk jobber p\u00e5 ved \u00e5 forene produktivitet, teknologi og samarbeid.<\/h2>\n<p>Vi setter mennesker i sentrum n\u00e5r vi utformer teknologil\u00f8sninger - fra sanntidskontrollmilj\u00f8er til strategiske operasjonssentre. Gjennom iterativ forbedring p\u00e5 alle niv\u00e5er hjelper vi team med \u00e5 oppn\u00e5 de resultatene som betyr noe.<\/p>\n\n\t\t<\/div>\n\t<\/div>\n\n\t<div class=\"wpb_text_column wpb_content_element wpb_animate_when_almost_visible wpb_left-to-right left-to-right vc_custom_1770212457409 button-epsis\" >\n\t\t<div class=\"wpb_wrapper\">\n\t\t\t<p><a href=\"https:\/\/epsis.com\/no\/our-services\/\">La oss oppn\u00e5 resultater sammen <i class=\"fa-solid fa-arrow-right\"><\/i><\/a><\/p>\n\n\t\t<\/div>\n\t<\/div>\n<\/div><\/div><\/div><div data-vc-parallax=\"1.5\" data-vc-parallax-image=\"https:\/\/epsis.com\/wp-content\/uploads\/2026\/02\/Hybrid_work.png\" class=\"wpb_animate_when_almost_visible wpb_fadeIn fadeIn wpb_column vc_column_container vc_col-sm-8 vc_col-has-fill vc_general vc_parallax vc_parallax-content-moving\"><div class=\"vc_column-inner vc_custom_1770193267625\"><div class=\"wpb_wrapper\"><\/div><\/div><\/div><\/div><div class=\"vc_row wpb_row vc_row-fluid vc_custom_1758791511854 vc_row-has-fill\"><div class=\"wpb_column vc_column_container vc_col-sm-12\"><div class=\"vc_column-inner\"><div class=\"wpb_wrapper\">\n\t<div class=\"wpb_text_column wpb_content_element wpb_animate_when_almost_visible wpb_fadeIn fadeIn vc_custom_1758791798107\" >\n\t\t<div class=\"wpb_wrapper\">\n\t\t\t<h3>Hva vi gj\u00f8r - Smartere arbeid for operative team<\/h3>\n<p>Vi fokuserer p\u00e5 de kritiske omr\u00e5dene der koordinering, synlighet og styring er viktigst:<\/p>\n\n\t\t<\/div>\n\t<\/div>\n<div class=\"vc_separator wpb_content_element vc_separator_align_center vc_sep_width_100 vc_sep_pos_align_center vc_separator_no_text vc_sep_color_black vc_custom_1656592041799 wpb_content_element  vc_custom_1656592041799 wpb_content_element wpb_animate_when_almost_visible wpb_left-to-right left-to-right wpb_animate_when_almost_visible wpb_left-to-right left-to-right\" ><span class=\"vc_sep_holder vc_sep_holder_l\"><span class=\"vc_sep_line\"><\/span><\/span><span class=\"vc_sep_holder vc_sep_holder_r\"><span class=\"vc_sep_line\"><\/span><\/span>\n<\/div><div class=\"vc_row wpb_row vc_inner vc_row-fluid\"><div class=\"wpb_column vc_column_container vc_col-sm-6\"><div class=\"vc_column-inner vc_custom_1668422419640\"><div class=\"wpb_wrapper\">\n\t<div class=\"wpb_text_column wpb_content_element wpb_animate_when_almost_visible wpb_bottom-to-top bottom-to-top vc_custom_1758788370148 services\" >\n\t\t<div class=\"wpb_wrapper\">\n\t\t\t<h3><a href=\"https:\/\/epsis.com\/no\/losninger\/ioc-initiativ\/\">Kontrollrom og operasjonssentraler <i class=\"fa-solid fa-arrow-right\"><\/i><\/a><\/h3>\n<p>Vi designer, strukturerer og optimaliserer kontrollrom for bedre beslutningstaking og samarbeid. Utforsk v\u00e5re tjenester innen kontrollromr\u00e5dgivning og -design.<\/p>\n\n\t\t<\/div>\n\t<\/div>\n\n\t<div class=\"wpb_text_column wpb_content_element wpb_animate_when_almost_visible wpb_bottom-to-top bottom-to-top vc_custom_1758788455404 services\" >\n\t\t<div class=\"wpb_wrapper\">\n\t\t\t<h3><a href=\"https:\/\/epsis.com\/no\/losninger\/losning-for-virtuelt-driftssenter\/\">Virtuelle operasjonssentre (VOC) <i class=\"fa-solid fa-arrow-right\"><\/i><\/a><\/h3>\n<p>Koordiner p\u00e5 tvers av tidssoner og lokasjoner med digitale operasjonsrom i sanntid. Finn ut mer om v\u00e5re l\u00f8sninger for virtuelle operasjonssentre.<\/p>\n\n\t\t<\/div>\n\t<\/div>\n<\/div><\/div><\/div><div class=\"wpb_column vc_column_container vc_col-sm-6\"><div class=\"vc_column-inner vc_custom_1668422424423\"><div class=\"wpb_wrapper\">\n\t<div class=\"wpb_text_column wpb_content_element wpb_animate_when_almost_visible wpb_bottom-to-top bottom-to-top vc_custom_1758788503524 services\" >\n\t\t<div class=\"wpb_wrapper\">\n\t\t\t<h3><a href=\"https:\/\/epsis.com\/no\/losninger\/microsoft-teams-opprydding\/\">Struktur og opprydding i Microsoft Teams <i class=\"fa-solid fa-arrow-right\"><\/i><\/a><\/h3>\n<p>Vi fikser rot, kaos i delte kanaler og d\u00e5rlig styring, slik at teamene kan fokusere p\u00e5 arbeidet. Se hvordan vi leverer r\u00e5dgivning om styring og opprydding i Teams.<\/p>\n\n\t\t<\/div>\n\t<\/div>\n\n\t<div class=\"wpb_text_column wpb_content_element wpb_animate_when_almost_visible wpb_bottom-to-top bottom-to-top vc_custom_1758877488848 services\" >\n\t\t<div class=\"wpb_wrapper\">\n\t\t\t<h3><a href=\"https:\/\/epsis.com\/no\/losninger\/hybridskiftbaserte-team\/\">Hybrid- og skiftbaserte team <i class=\"fa-solid fa-arrow-right\"><\/i><\/a><\/h3>\n<p>Gj\u00f8r det mulig \u00e5 koordinere driften p\u00e5 tvers av onshore\/offshore og 24\/7-skift med strukturerte arbeidsflyter, og forbedre samarbeidet med v\u00e5r arbeidsflytr\u00e5dgivning for hybriddrift.<\/p>\n\n\t\t<\/div>\n\t<\/div>\n<\/div><\/div><\/div><\/div><\/div><\/div><\/div><\/div><div class=\"vc_row wpb_row vc_row-fluid wpb_animate_when_almost_visible wpb_fadeIn fadeIn vc_custom_1757924973528 vc_row-has-fill vc_row-o-equal-height vc_row-o-content-top vc_row-flex\"><div data-vc-parallax=\"1.5\" data-vc-parallax-image=\"https:\/\/epsis.com\/wp-content\/uploads\/2026\/02\/control-pod.png\" class=\"wpb_column vc_column_container vc_col-sm-6 vc_col-has-fill vc_general vc_parallax vc_parallax-content-moving\"><div class=\"vc_column-inner vc_custom_1770194116654\"><div class=\"wpb_wrapper\"><\/div><\/div><\/div><div class=\"wpb_animate_when_almost_visible wpb_bottom-to-top bottom-to-top wpb_column vc_column_container vc_col-sm-6 vc_col-has-fill\"><div class=\"vc_column-inner vc_custom_1757682723439\"><div class=\"wpb_wrapper\">\n\t<div class=\"wpb_text_column wpb_content_element wpb_animate_when_almost_visible wpb_fadeIn fadeIn experience\" >\n\t\t<div class=\"wpb_wrapper\">\n\t\t\t<h3>Erfaring<\/h3>\n\n\t\t<\/div>\n\t<\/div>\n<div class=\"vc_separator wpb_content_element vc_separator_align_center vc_sep_width_100 vc_sep_pos_align_center vc_separator_no_text vc_sep_color_black vc_custom_1657280256474 wpb_content_element  vc_custom_1657280256474 wpb_content_element wpb_animate_when_almost_visible wpb_left-to-right left-to-right wpb_animate_when_almost_visible wpb_left-to-right left-to-right\" ><span class=\"vc_sep_holder vc_sep_holder_l\"><span class=\"vc_sep_line\"><\/span><\/span><span class=\"vc_sep_holder vc_sep_holder_r\"><span class=\"vc_sep_line\"><\/span><\/span>\n<\/div><div class=\"vc_row wpb_row vc_inner vc_row-fluid vc_custom_1664880641578\"><div class=\"wpb_column vc_column_container vc_col-sm-6\"><div class=\"vc_column-inner vc_custom_1664888321226\"><div class=\"wpb_wrapper\">\n\t<div class=\"wpb_text_column wpb_content_element experience\" >\n\t\t<div class=\"wpb_wrapper\">\n\t\t\t<p><strong>20+ \u00e5r<\/strong><\/p>\n\n\t\t<\/div>\n\t<\/div>\n\n\t<div class=\"wpb_text_column wpb_content_element\" >\n\t\t<div class=\"wpb_wrapper\">\n\t\t\t<p>Erfaring med digitale transformasjonsprosjekter i energibransjen.<\/p>\n\n\t\t<\/div>\n\t<\/div>\n<\/div><\/div><\/div><div class=\"wpb_column vc_column_container vc_col-sm-6\"><div class=\"vc_column-inner\"><div class=\"wpb_wrapper\">\n\t<div class=\"wpb_text_column wpb_content_element experience\" >\n\t\t<div class=\"wpb_wrapper\">\n\t\t\t<p><strong>25+ land<\/strong><\/p>\n\n\t\t<\/div>\n\t<\/div>\n\n\t<div class=\"wpb_text_column wpb_content_element\" >\n\t\t<div class=\"wpb_wrapper\">\n\t\t\t<p>Epsis har jobbet i prosjekter i over 25 land, eksternt og p\u00e5 stedet<\/p>\n\n\t\t<\/div>\n\t<\/div>\n<\/div><\/div><\/div><\/div><div class=\"vc_row wpb_row vc_inner vc_row-fluid\"><div class=\"wpb_column vc_column_container vc_col-sm-6\"><div class=\"vc_column-inner\"><div class=\"wpb_wrapper\">\n\t<div class=\"wpb_text_column wpb_content_element experience\" >\n\t\t<div class=\"wpb_wrapper\">\n\t\t\t<p><strong>80+ lokasjoner<\/strong><\/p>\n\n\t\t<\/div>\n\t<\/div>\n\n\t<div class=\"wpb_text_column wpb_content_element\" >\n\t\t<div class=\"wpb_wrapper\">\n\t\t\t<p>Etablerte \"New ways of working\" i operative milj\u00f8er<\/p>\n\n\t\t<\/div>\n\t<\/div>\n<\/div><\/div><\/div><div class=\"wpb_column vc_column_container vc_col-sm-6\"><div class=\"vc_column-inner\"><div class=\"wpb_wrapper\"><\/div><\/div><\/div><\/div><\/div><\/div><\/div><\/div><div class=\"vc_row wpb_row vc_row-fluid vc_custom_1757931637271 vc_row-o-equal-height vc_row-flex\"><div class=\"wpb_animate_when_almost_visible wpb_fadeIn fadeIn wpb_column vc_column_container vc_col-sm-12\"><div class=\"vc_column-inner vc_custom_1758011014494\"><div class=\"wpb_wrapper\">\n\t<div class=\"wpb_text_column wpb_content_element\" >\n\t\t<div class=\"wpb_wrapper\">\n\t\t\t<h4 style=\"font-size: 12px; letter-spacing: 2px; text-transform: uppercase;\">trinnvise forbedringer<\/h4>\n<h3>For \u00e5 gj\u00f8re store endringer m\u00e5 vi begynne i det sm\u00e5<\/h3>\n<p>V\u00e5r erfaring er at kundene v\u00e5re oppn\u00e5r store endringer gjennom \u00e5 innf\u00f8re sm\u00e5 stegvise forbedringsprosjekt. De ser p\u00e5 problemet i et helhetsperspektiv f\u00f8r de igangsetter operative endringer steg for steg. Vi ser p\u00e5 dette som en suksessformel, og vi bruker denne n\u00e5r vi arbeider i prosjekter og forbedrer oss selv. Vi tror p\u00e5 en ny arbeidshverdag der alle kan arbeide med hvasomhelst fra hvorsomhelst. Dette krever endring p\u00e5 mange plan samtidig. -Les mer om hvordan vi arbeider med v\u00e5re m\u00e5l for en bedre <strong>#MorgendagensArbeid<\/strong><\/p>\n\n\t\t<\/div>\n\t<\/div>\n\n\t<div class=\"wpb_text_column wpb_content_element vc_custom_1660028684241 button-epsis\" >\n\t\t<div class=\"wpb_wrapper\">\n\t\t\t<p><a href=\"https:\/\/epsis.com\/no\/om-oss\/\">Les mer om v\u00e5re m\u00e5l <i class=\"fa-solid fa-arrow-right\"><\/i><\/a><\/p>\n\n\t\t<\/div>\n\t<\/div>\n<\/div><\/div><\/div><\/div><div data-vc-full-width=\"true\" data-vc-full-width-temp=\"true\" data-vc-full-width-init=\"false\" data-vc-stretch-content=\"true\" class=\"vc_row wpb_row vc_row-fluid wpb_animate_when_almost_visible wpb_fadeIn fadeIn vc_custom_1757931253851 vc_row-has-fill vc_row-no-padding vc_row-o-equal-height vc_row-o-content-middle vc_row-flex\"><div class=\"wpb_column vc_column_container vc_col-sm-8 vc_col-has-fill\"><div class=\"vc_column-inner vc_custom_1757929318075\"><div class=\"wpb_wrapper\">\n\t<div class=\"wpb_text_column wpb_content_element wpb_animate_when_almost_visible wpb_bottom-to-top bottom-to-top vc_custom_1757931657312 contact-row\" >\n\t\t<div class=\"wpb_wrapper\">\n\t\t\t<h4 style=\"font-size: 12px; letter-spacing: 2px; text-transform: uppercase;\">Kontakt oss<\/h4>\n<h3><strong>Vi vil gjerne dele erfaringer. La oss ta en prat i dag.<\/strong><\/h3>\n<p>Vi er her for \u00e5 hjelpe deg \u00e5 lykkes!<\/p>\n\n\t\t<\/div>\n\t<\/div>\n\n\t<div class=\"wpb_raw_code wpb_raw_html wpb_content_element\" >\n\t\t<div class=\"wpb_wrapper\">\n\t\t\t<script charset=\"utf-8\" type=\"text\/javascript\" src=\"\/\/js.hsforms.net\/forms\/embed\/v2.js\"><\/script>\r\n<script>\r\n  hbspt.forms.create({\r\n    portalId: \"7418661\",\r\n    formId: \"557bad4b-b70b-4efb-b0cb-91d840066130\",\r\n    region: \"na1\"\r\n  });\r\n<\/script>\n\t\t<\/div>\n\t<\/div>\n<\/div><\/div><\/div><div class=\"wpb_animate_when_almost_visible wpb_fadeIn fadeIn wpb_column vc_column_container vc_col-sm-4 vc_col-has-fill\"><div class=\"vc_column-inner vc_custom_1757931574966\"><div class=\"wpb_wrapper\"><\/div><\/div><\/div><\/div><div class=\"vc_row-full-width vc_clearfix\"><\/div>\n<\/div>","protected":false},"excerpt":{"rendered":"#FUTUREOFWORK We help businesses Optimizing operations at every level - where real-time precision and strategic collaboration come together Our mission is to improve how people work by unifying productivity, technology, and collaboration. We put people at the center when designing technology solutions - from real-time control environments to strategic operations centers. Through iterative improvement at [...]","protected":false},"author":2,"featured_media":1211,"parent":0,"menu_order":0,"comment_status":"closed","ping_status":"closed","template":"","meta":{"content-type":"","_genesis_hide_title":false,"_genesis_hide_breadcrumbs":false,"_genesis_hide_singular_image":false,"_genesis_hide_footer_widgets":false,"_genesis_custom_body_class":"","_genesis_custom_post_class":"","_genesis_layout":"","_vp_format_video_url":"","_vp_image_focal_point":[],"footnotes":""},"class_list":{"0":"post-1027","1":"page","2":"type-page","3":"status-publish","4":"has-post-thumbnail","6":"entry"},"yoast_head":"<!-- This site is optimized with the Yoast SEO plugin v27.4 - https:\/\/yoast.com\/product\/yoast-seo-wordpress\/ -->\n<title>Epsis - Future of work<\/title>\n<meta name=\"description\" content=\"We help businesses optimize and integrate their operations with software and a holistic approach to grow into a modern workplace.\" \/>\n<meta name=\"robots\" content=\"index, follow, max-snippet:-1, max-image-preview:large, max-video-preview:-1\" \/>\n<link rel=\"canonical\" href=\"https:\/\/epsis.com\/no\/\" \/>\n<meta property=\"og:locale\" content=\"nb_NO\" \/>\n<meta property=\"og:type\" content=\"article\" \/>\n<meta property=\"og:title\" content=\"Epsis - Future of work\" \/>\n<meta property=\"og:description\" content=\"We help businesses optimize and integrate their operations with software and a holistic approach to grow into a modern workplace.\" \/>\n<meta property=\"og:url\" content=\"https:\/\/epsis.com\/no\/\" \/>\n<meta property=\"og:site_name\" content=\"Epsis\" \/>\n<meta property=\"article:publisher\" content=\"https:\/\/www.facebook.com\/EpsisAs\" \/>\n<meta property=\"article:modified_time\" content=\"2026-02-04T13:44:19+00:00\" \/>\n<meta property=\"og:image\" content=\"https:\/\/epsis.com\/wp-content\/uploads\/2022\/11\/engineering-1.webp\" \/>\n\t<meta property=\"og:image:width\" content=\"1200\" \/>\n\t<meta property=\"og:image:height\" content=\"944\" \/>\n\t<meta property=\"og:image:type\" content=\"image\/webp\" \/>\n<meta name=\"twitter:card\" content=\"summary_large_image\" \/>\n<meta name=\"twitter:label1\" content=\"Ansl. lesetid\" \/>\n\t<meta name=\"twitter:data1\" content=\"4 minutter\" \/>\n<script type=\"application\/ld+json\" class=\"yoast-schema-graph\">{\"@context\":\"https:\\\/\\\/schema.org\",\"@graph\":[{\"@type\":\"WebPage\",\"@id\":\"https:\\\/\\\/epsis.com\\\/\",\"url\":\"https:\\\/\\\/epsis.com\\\/\",\"name\":\"Epsis - Future of work\",\"isPartOf\":{\"@id\":\"https:\\\/\\\/epsis.com\\\/#website\"},\"primaryImageOfPage\":{\"@id\":\"https:\\\/\\\/epsis.com\\\/#primaryimage\"},\"image\":{\"@id\":\"https:\\\/\\\/epsis.com\\\/#primaryimage\"},\"thumbnailUrl\":\"https:\\\/\\\/epsis.com\\\/wp-content\\\/uploads\\\/2022\\\/11\\\/engineering-1.webp\",\"datePublished\":\"2022-06-24T06:37:46+00:00\",\"dateModified\":\"2026-02-04T13:44:19+00:00\",\"description\":\"We help businesses optimize and integrate their operations with software and a holistic approach to grow into a modern workplace.\",\"breadcrumb\":{\"@id\":\"https:\\\/\\\/epsis.com\\\/#breadcrumb\"},\"inLanguage\":\"nb-NO\",\"potentialAction\":[{\"@type\":\"ReadAction\",\"target\":[\"https:\\\/\\\/epsis.com\\\/\"]}]},{\"@type\":\"ImageObject\",\"inLanguage\":\"nb-NO\",\"@id\":\"https:\\\/\\\/epsis.com\\\/#primaryimage\",\"url\":\"https:\\\/\\\/epsis.com\\\/wp-content\\\/uploads\\\/2022\\\/11\\\/engineering-1.webp\",\"contentUrl\":\"https:\\\/\\\/epsis.com\\\/wp-content\\\/uploads\\\/2022\\\/11\\\/engineering-1.webp\",\"width\":1200,\"height\":944},{\"@type\":\"BreadcrumbList\",\"@id\":\"https:\\\/\\\/epsis.com\\\/#breadcrumb\",\"itemListElement\":[{\"@type\":\"ListItem\",\"position\":1,\"name\":\"Epsis\",\"item\":\"https:\\\/\\\/epsis.com\\\/\"},{\"@type\":\"ListItem\",\"position\":2,\"name\":\"Epsis &#8211; Future of work\"}]},{\"@type\":\"WebSite\",\"@id\":\"https:\\\/\\\/epsis.com\\\/#website\",\"url\":\"https:\\\/\\\/epsis.com\\\/\",\"name\":\"Epsis\",\"description\":\"We care about tomorrows work\",\"publisher\":{\"@id\":\"https:\\\/\\\/epsis.com\\\/#organization\"},\"potentialAction\":[{\"@type\":\"SearchAction\",\"target\":{\"@type\":\"EntryPoint\",\"urlTemplate\":\"https:\\\/\\\/epsis.com\\\/?s={search_term_string}\"},\"query-input\":{\"@type\":\"PropertyValueSpecification\",\"valueRequired\":true,\"valueName\":\"search_term_string\"}}],\"inLanguage\":\"nb-NO\"},{\"@type\":\"Organization\",\"@id\":\"https:\\\/\\\/epsis.com\\\/#organization\",\"name\":\"Epsis\",\"url\":\"https:\\\/\\\/epsis.com\\\/\",\"logo\":{\"@type\":\"ImageObject\",\"inLanguage\":\"nb-NO\",\"@id\":\"https:\\\/\\\/epsis.com\\\/#\\\/schema\\\/logo\\\/image\\\/\",\"url\":\"https:\\\/\\\/epsis.com\\\/wp-content\\\/uploads\\\/2021\\\/09\\\/cropped-Epsis-blk.png\",\"contentUrl\":\"https:\\\/\\\/epsis.com\\\/wp-content\\\/uploads\\\/2021\\\/09\\\/cropped-Epsis-blk.png\",\"width\":400,\"height\":155,\"caption\":\"Epsis\"},\"image\":{\"@id\":\"https:\\\/\\\/epsis.com\\\/#\\\/schema\\\/logo\\\/image\\\/\"},\"sameAs\":[\"https:\\\/\\\/www.facebook.com\\\/EpsisAs\",\"https:\\\/\\\/www.instagram.com\\\/epsisofficial\\\/\",\"https:\\\/\\\/www.linkedin.com\\\/company\\\/epsis\\\/\"]}]}<\/script>\n<!-- \/ Yoast SEO plugin. -->","yoast_head_json":{"title":"Epsis - Fremtidens arbeid","description":"Vi hjelper operasjonelle milj\u00f8 med \u00e5 optimalisere og integrere deres drift ved bruk av et unikt produkt og metoder for \u00e5 m\u00f8te behov fra en moderne arbeidsplass.","robots":{"index":"index","follow":"follow","max-snippet":"max-snippet:-1","max-image-preview":"max-image-preview:large","max-video-preview":"max-video-preview:-1"},"canonical":"https:\/\/epsis.com\/no\/","og_locale":"nb_NO","og_type":"article","og_title":"Epsis - Future of work","og_description":"We help businesses optimize and integrate their operations with software and a holistic approach to grow into a modern workplace.","og_url":"https:\/\/epsis.com\/no\/","og_site_name":"Epsis","article_publisher":"https:\/\/www.facebook.com\/EpsisAs","article_modified_time":"2026-02-04T13:44:19+00:00","og_image":[{"width":1200,"height":944,"url":"https:\/\/epsis.com\/wp-content\/uploads\/2022\/11\/engineering-1.webp","type":"image\/webp"}],"twitter_card":"summary_large_image","twitter_misc":{"Ansl. lesetid":"4 minutter"},"schema":{"@context":"https:\/\/schema.org","@graph":[{"@type":"WebPage","@id":"https:\/\/epsis.com\/","url":"https:\/\/epsis.com\/","name":"Epsis - Fremtidens arbeid","isPartOf":{"@id":"https:\/\/epsis.com\/#website"},"primaryImageOfPage":{"@id":"https:\/\/epsis.com\/#primaryimage"},"image":{"@id":"https:\/\/epsis.com\/#primaryimage"},"thumbnailUrl":"https:\/\/epsis.com\/wp-content\/uploads\/2022\/11\/engineering-1.webp","datePublished":"2022-06-24T06:37:46+00:00","dateModified":"2026-02-04T13:44:19+00:00","description":"Vi hjelper operasjonelle milj\u00f8 med \u00e5 optimalisere og integrere deres drift ved bruk av et unikt produkt og metoder for \u00e5 m\u00f8te behov fra en moderne arbeidsplass.","breadcrumb":{"@id":"https:\/\/epsis.com\/#breadcrumb"},"inLanguage":"nb-NO","potentialAction":[{"@type":"ReadAction","target":["https:\/\/epsis.com\/"]}]},{"@type":"ImageObject","inLanguage":"nb-NO","@id":"https:\/\/epsis.com\/#primaryimage","url":"https:\/\/epsis.com\/wp-content\/uploads\/2022\/11\/engineering-1.webp","contentUrl":"https:\/\/epsis.com\/wp-content\/uploads\/2022\/11\/engineering-1.webp","width":1200,"height":944},{"@type":"BreadcrumbList","@id":"https:\/\/epsis.com\/#breadcrumb","itemListElement":[{"@type":"ListItem","position":1,"name":"Epsis","item":"https:\/\/epsis.com\/"},{"@type":"ListItem","position":2,"name":"Epsis &#8211; Future of work"}]},{"@type":"WebSite","@id":"https:\/\/epsis.com\/#website","url":"https:\/\/epsis.com\/","name":"Epsis","description":"Vi brenner for morgendagens arbeid","publisher":{"@id":"https:\/\/epsis.com\/#organization"},"potentialAction":[{"@type":"SearchAction","target":{"@type":"EntryPoint","urlTemplate":"https:\/\/epsis.com\/?s={search_term_string}"},"query-input":{"@type":"PropertyValueSpecification","valueRequired":true,"valueName":"search_term_string"}}],"inLanguage":"nb-NO"},{"@type":"Organization","@id":"https:\/\/epsis.com\/#organization","name":"Epsis","url":"https:\/\/epsis.com\/","logo":{"@type":"ImageObject","inLanguage":"nb-NO","@id":"https:\/\/epsis.com\/#\/schema\/logo\/image\/","url":"https:\/\/epsis.com\/wp-content\/uploads\/2021\/09\/cropped-Epsis-blk.png","contentUrl":"https:\/\/epsis.com\/wp-content\/uploads\/2021\/09\/cropped-Epsis-blk.png","width":400,"height":155,"caption":"Epsis"},"image":{"@id":"https:\/\/epsis.com\/#\/schema\/logo\/image\/"},"sameAs":["https:\/\/www.facebook.com\/EpsisAs","https:\/\/www.instagram.com\/epsisofficial\/","https:\/\/www.linkedin.com\/company\/epsis\/"]}]}},"_links":{"self":[{"href":"https:\/\/epsis.com\/no\/wp-json\/wp\/v2\/pages\/1027","targetHints":{"allow":["GET"]}}],"collection":[{"href":"https:\/\/epsis.com\/no\/wp-json\/wp\/v2\/pages"}],"about":[{"href":"https:\/\/epsis.com\/no\/wp-json\/wp\/v2\/types\/page"}],"author":[{"embeddable":true,"href":"https:\/\/epsis.com\/no\/wp-json\/wp\/v2\/users\/2"}],"replies":[{"embeddable":true,"href":"https:\/\/epsis.com\/no\/wp-json\/wp\/v2\/comments?post=1027"}],"version-history":[{"count":0,"href":"https:\/\/epsis.com\/no\/wp-json\/wp\/v2\/pages\/1027\/revisions"}],"wp:featuredmedia":[{"embeddable":true,"href":"https:\/\/epsis.com\/no\/wp-json\/wp\/v2\/media\/1211"}],"wp:attachment":[{"href":"https:\/\/epsis.com\/no\/wp-json\/wp\/v2\/media?parent=1027"}],"curies":[{"name":"wp","href":"https:\/\/api.w.org\/{rel}","templated":true}]}}