{"id":104,"date":"2019-09-12T11:42:19","date_gmt":"2019-09-12T11:42:19","guid":{"rendered":"https:\/\/epsis.com\/?page_id=104"},"modified":"2023-03-10T11:12:25","modified_gmt":"2023-03-10T11:12:25","slug":"personvernerklaering","status":"publish","type":"page","link":"https:\/\/epsis.com\/no\/privacy-policy\/","title":{"rendered":"Personvernerkl\u00e6ring"},"content":{"rendered":"<div class=\"wpb-content-wrapper\"><div class=\"vc_row wpb_row vc_row-fluid\"><div class=\"wpb_column vc_column_container vc_col-sm-12\"><div class=\"vc_column-inner vc_custom_1568288566988\"><div class=\"wpb_wrapper\">\n\t<div class=\"wpb_text_column wpb_content_element vc_custom_1638791722884\" >\n\t\t<div class=\"wpb_wrapper\">\n\t\t\t<div class=\"breadcrumb\" itemprop=\"breadcrumb\"><span><span><a href=\"https:\/\/epsis.com\/no\/\">Epsis<\/a><\/span><\/span><\/div>\n\n\t\t<\/div>\n\t<\/div>\n\n\t<div class=\"wpb_text_column wpb_content_element vc_custom_1656503570479\" >\n\t\t<div class=\"wpb_wrapper\">\n\t\t\t<h1>Personvernerkl\u00e6ring<\/h1>\n\n\t\t<\/div>\n\t<\/div>\n<div class=\"vc_row wpb_row vc_inner vc_row-fluid vc_custom_1656503703252 vc_row-has-fill\"><div class=\"wpb_column vc_column_container vc_col-sm-12\"><div class=\"vc_column-inner\"><div class=\"wpb_wrapper\">\n\t<div class=\"wpb_text_column wpb_content_element\" >\n\t\t<div class=\"wpb_wrapper\">\n\t\t\t<h1>Epsis respekterer personvernet ditt. Vennligst les v\u00e5r personvernerkl\u00e6ring nedenfor.<\/h1>\n<p>Denne personvernerkl\u00e6ringen ble publisert 20. november 2018.<\/p>\n<p>Oppdatert: 17.09.21<\/p>\n<p>I Epsis er vi forpliktet til \u00e5 beskytte og respektere ditt personvern i samsvar med EUs personvernforordning (GDPR) 2016\/679, datert 27. april 2016. Denne personvernerkl\u00e6ringen forklarer n\u00e5r og hvorfor vi samler inn personopplysninger, hvordan vi bruker dem, under hvilke betingelser vi kan utlevere dem til andre og hvordan vi oppbevarer dem p\u00e5 en sikker m\u00e5te. Denne personvernerkl\u00e6ringen gjelder for bruk av v\u00e5re produkter og for v\u00e5re salgs-, markedsf\u00f8rings- og kundekontraktsaktiviteter. Den gjelder ogs\u00e5 for personer som s\u00f8ker jobb i Epsis.<\/p>\n<h3>Hvem er vi?<\/h3>\n<p>Epsis AS tilbyr Enify programvareverkt\u00f8y og tilh\u00f8rende tjenester som hjelper kundene v\u00e5re med \u00e5 skape betydelig verdi ved \u00e5 optimalisere forretningsdriften. Vi gj\u00f8r dette ved \u00e5 koble sammen eksperter, teknologi og prosesser til nye m\u00e5ter \u00e5 jobbe p\u00e5, muliggjort av v\u00e5r teknologiplattform - Enify. Epsis hovedkontor ligger i Bergen, Norge med registrert kontoradresse <a href=\"https:\/\/goo.gl\/maps\/umQ6mf6QKYt2ceP37\">L\u00f8nningsvegen 47, 5258 Blomsterdalen, Norge.<\/a><\/p>\n<p>Epsis AS er behandlingsansvarlig. Eventuelle sp\u00f8rsm\u00e5l om dine personvernrettigheter skal sendes til\u00a0<a href=\"mailto:gdpr@epsis.com\">gdpr@epsis.com.<\/a><\/p>\n<h3>N\u00e5r samler vi inn personopplysninger om deg?<\/h3>\n<ul>\n<li>N\u00e5r du ber om et abonnement (pr\u00f8veversjon eller betalt) for et av produktene v\u00e5re<\/li>\n<li>N\u00e5r du sender inn en foresp\u00f8rsel om produktst\u00f8tte gjennom v\u00e5r <a href=\"https:\/\/help.enify.no\/\">Hjelpesenter<\/a><\/li>\n<li>N\u00e5r du kommuniserer med oss personlig, gjennom korrespondanse, via telefon, sosiale medier eller gjennom v\u00e5re nettsteder.<\/li>\n<li>N\u00e5r vi samler inn personopplysninger fra andre legitime kilder, for eksempel tredjeparts dataaggregatorer, Epsis-partnere, offentlige kilder eller sosiale nettverk. Vi bruker bare disse opplysningene hvis du har gitt ditt samtykke til at de kan dele personopplysningene dine med andre.<\/li>\n<li>Vi kan samle inn personopplysninger hvis det anses \u00e5 v\u00e6re av berettiget interesse, og hvis denne interessen ikke overstyres av dine personverninteresser. F\u00f8r vi samler inn opplysninger, foretar vi en vurdering av om det foreligger en etablert gjensidig interesse mellom deg og Epsis.<\/li>\n<\/ul>\n<h3>Hvorfor samler vi inn og bruker personopplysninger?<\/h3>\n<p>Vi samler inn og bruker personopplysninger for \u00e5 utf\u00f8re direktesalg, direkte markedsf\u00f8ring og kundeservice. Vi samler ogs\u00e5 inn opplysninger om leverand\u00f8rer, samarbeidspartnere og personer som s\u00f8ker jobb eller jobber i selskapet v\u00e5rt.<\/p>\n<p>Vi kan bruke opplysningene dine til f\u00f8lgende form\u00e5l:<\/p>\n<ul>\n<li>Sende deg markedsf\u00f8ringskommunikasjon som du har bedt om. Dette kan omfatte informasjon om v\u00e5re produkter og tjenester, arrangementer, aktiviteter og kampanjer for v\u00e5re tilknyttede partneres produkter og tjenester. Denne kommunikasjonen er abonnementsbasert og krever ditt samtykke.<\/li>\n<li>Sende deg informasjon om produktene og tjenestene du har kj\u00f8pt fra oss.<\/li>\n<li>Utf\u00f8re direkte salgsaktiviteter i tilfeller der det er etablert en legitim og gjensidig interesse.<\/li>\n<li>Gi deg informasjon om innhold og sted for et webinar eller arrangement du har meldt deg p\u00e5.<\/li>\n<li>Svar p\u00e5 et \u2018Kontakt meg\u2019-skjema eller andre nettskjemaer du har fylt ut p\u00e5 nettsidene v\u00e5re (<a href=\"http:\/\/epsis.com\/no\/\">epsis.com<\/a>, <a href=\"http:\/\/enify.no\">enify.no<\/a>, <a href=\"https:\/\/help.enify.no\/\">help.enify.no<\/a>), f.eks. for \u00e5 laste ned et whitepaper eller en casestudie.<\/li>\n<li>F\u00f8lge opp innkommende foresp\u00f8rsler (kundesupport, e-post, chat eller telefonsamtaler).<\/li>\n<li>Gi tilgang til v\u00e5r kundest\u00f8tteportal - Enify Help Center.<\/li>\n<li>Utf\u00f8re kontraktsforpliktelser som ordrebekreftelse, abonnementsdetaljer, faktura, p\u00e5minnelser og lignende. Avtalen kan v\u00e6re med Epsis direkte eller med en Epsis-partner.<\/li>\n<li>Varsle deg om eventuelle forstyrrelser i tjenestene v\u00e5re (systemmeldinger).<\/li>\n<li>kontakte deg for \u00e5 gjennomf\u00f8re sp\u00f8rreunders\u00f8kelser om hva du mener om produktene og tjenestene v\u00e5re.<\/li>\n<li>Behandle en jobbs\u00f8knad.<\/li>\n<\/ul>\n<h2>V\u00e5rt rettslige grunnlag for \u00e5 samle inn personopplysninger<\/h2>\n<h3>Innsamling av personopplysninger basert p\u00e5 samtykke<\/h3>\n<p>Innsamling av personopplysninger basert p\u00e5 samtykke fra den registrerte vil skje ved bruk av \u201cSamtykkeskjemaer\u201d, chat eller lignende som vil lagre dokumentasjon knyttet til samtykket som er gitt av den enkelte. Individuelle samtykker vil alltid lagres og dokumenteres i v\u00e5re systemer.<\/p>\n<h3>Innsamling av personopplysninger basert p\u00e5 kontrakter<\/h3>\n<p>Vi bruker personopplysninger for \u00e5 oppfylle v\u00e5re forpliktelser i forbindelse med kontrakter og avtaler med kunder, partnere og leverand\u00f8rer.<\/p>\n<h3>Innsamling av personopplysninger basert p\u00e5 berettiget interesse<\/h3>\n<p>Vi kan bruke personopplysninger dersom det anses \u00e5 v\u00e6re av berettiget interesse, og dersom hensynet til de registrertes personvern ikke overstiger denne interessen. For \u00e5 etablere det rettslige grunnlaget for datainnsamlingen er det normalt foretatt en vurdering der det er identifisert en gjensidig interesse mellom Epsis og den enkelte person. Dette rettslige grunnlaget er f\u00f8rst og fremst knyttet til v\u00e5re salgs- og markedsf\u00f8ringsform\u00e5l. Vi vil alltid informere den enkelte om personvernrettighetene og form\u00e5let med innsamlingen av personopplysninger.<\/p>\n<h2>Hvilken type personopplysninger samles inn?<\/h2>\n<p>Vi samler inn navn, telefonnummer, tittel og e-postadresse, i tillegg til bedriftens navn og kontaktinformasjon. Vi kan ogs\u00e5 samle inn tilbakemeldinger, kommentarer og sp\u00f8rsm\u00e5l fra deg i forbindelse med tjenesterelatert kommunikasjon og aktiviteter, for eksempel m\u00f8ter, telefonsamtaler, dokumenter og e-post. Fra nettsidene v\u00e5re kan vi samle inn IP-adresse og handlinger som er utf\u00f8rt p\u00e5 nettstedet.<\/p>\n<p>Hvis du s\u00f8ker jobb hos Epsis, samler vi inn de opplysningene du oppgir i s\u00f8knadsprosessen.<\/p>\n<p>Epsis samler ikke inn eller behandler noen spesielle kategorier av personopplysninger, som for eksempel offentlige unike identifikatorer eller sensitive personopplysninger.<\/p>\n<h2>Hvor lenge oppbevarer vi personopplysningene dine?<\/h2>\n<p>Vi lagrer personopplysninger s\u00e5 lenge vi mener det er n\u00f8dvendig for \u00e5 oppfylle form\u00e5let som personopplysningene ble samlet inn for, samtidig som vi tar hensyn til v\u00e5rt behov for \u00e5 svare p\u00e5 dine sp\u00f8rsm\u00e5l eller l\u00f8se eventuelle problemer, for \u00e5 overholde juridiske krav i henhold til gjeldende lover, for \u00e5 behandle eventuelle juridiske krav\/klager og for sikkerhetsform\u00e5l.<\/p>\n<p>Det betyr at vi kan oppbevare personopplysningene dine i en rimelig tidsperiode etter din siste interaksjon med oss. N\u00e5r personopplysningene vi har samlet inn ikke lenger er n\u00f8dvendige, vil vi slette dem p\u00e5 en sikker m\u00e5te. Vi kan behandle data for statistiske form\u00e5l, men i slike tilfeller vil dataene bli anonymisert.<\/p>\n<h2>Dine rettigheter til personopplysningene dine<\/h2>\n<p>Du har f\u00f8lgende rettigheter med hensyn til personopplysningene dine:<\/p>\n<ul>\n<li>Retten til \u00e5 be om en kopi av personopplysningene Epsis har om deg.<\/li>\n<li>Retten til \u00e5 be om at Epsis korrigerer personopplysningene dine dersom de er un\u00f8yaktige eller utdaterte.<\/li>\n<li>Retten til \u00e5 be om at dine personopplysninger slettes n\u00e5r det ikke lenger er n\u00f8dvendig for Epsis \u00e5 oppbevare slike opplysninger.<\/li>\n<li>Retten til n\u00e5r som helst \u00e5 trekke tilbake ethvert samtykke til behandling av personopplysninger. For eksempel ditt samtykke til \u00e5 motta elektronisk markedsf\u00f8ringskommunikasjon:\n<ul>\n<li>Hvis du \u00f8nsker \u00e5 trekke tilbake ditt samtykke til e-markedsf\u00f8ring, vennligst bruk lenken for \u00e5 administrere abonnementene dine som er inkludert i kommunikasjonen v\u00e5r. V\u00e6r oppmerksom p\u00e5 at du fortsatt kan motta systemmeldinger og administrativ kommunikasjon fra Epsis, for eksempel ordrebekreftelser, systemmeldinger og varsler om kontoaktivitetene dine.<\/li>\n<\/ul>\n<\/li>\n<li>Retten til \u00e5 be om at Epsis utleverer personopplysningene dine og, om mulig, videreformidle disse opplysningene direkte (i et b\u00e6rbart format) til en annen behandlingsansvarlig n\u00e5r behandlingen er basert p\u00e5 samtykke eller avtale.<\/li>\n<li>Retten til \u00e5 be om en begrensning av videre databehandling, i tilfelle det oppst\u00e5r en tvist i forbindelse med n\u00f8yaktigheten eller behandlingen av personopplysningene dine.<\/li>\n<li>Retten til \u00e5 protestere mot behandling av personopplysninger, i tilfelle databehandlingen er basert p\u00e5 berettiget interesse og\/eller direkte markedsf\u00f8ring.<\/li>\n<\/ul>\n<p>Eventuelle sp\u00f8rsm\u00e5l om dine personvernrettigheter skal sendes til <a href=\"mailto:gdpr@epsis.com\">gdpr@epsis.com<\/a><\/p>\n\n\t\t<\/div>\n\t<\/div>\n<\/div><\/div><\/div><\/div>\n\t<div class=\"wpb_text_column wpb_content_element vc_custom_1628596242193\" >\n\t\t<div class=\"wpb_wrapper\">\n\t\t\t<h2>Bruk av informasjonskapsler<\/h2>\n\n\t\t<\/div>\n\t<\/div>\n\n\t<div class=\"wpb_text_column wpb_content_element vc_custom_1642079124660\" >\n\t\t<div class=\"wpb_wrapper\">\n\t\t\t<p>For \u00e5 endre, se p\u00e5 eller trekke tilbake ditt samtykke til informasjonskapsler, trykk p\u00e5 <img loading=\"lazy\" decoding=\"async\" class=\"alignnone size-full wp-image-773\" src=\"https:\/\/epsis.com\/wp-content\/uploads\/2021\/11\/cookie.png\" alt=\"\" width=\"57\" height=\"53\" \/> ikonet i venstre hj\u00f8rne av nettstedet. Eller du kan se etter mer informasjon i v\u00e5r<a href=\"https:\/\/epsis.com\/no\/retningslinjer-for-informasjonskapsler\/\"> Cookie Policy<\/a>.<\/p>\n\n\t\t<\/div>\n\t<\/div>\n\n\t<div class=\"wpb_text_column wpb_content_element\" >\n\t\t<div class=\"wpb_wrapper\">\n\t\t\t<h2>Deler vi opplysningene dine med noen?<\/h2>\n<p>Vi verken deler, selger, leier ut eller bytter informasjonen din med tredjeparter uten ditt samtykke, med unntak av det som er beskrevet nedenfor:<\/p>\n<h3>Tredjeparts tjenesteleverand\u00f8rer som arbeider p\u00e5 v\u00e5re vegne:<\/h3>\n<p>Vi kan gi opplysningene dine videre til v\u00e5re distribut\u00f8rer, agenter, underleverand\u00f8rer og andre tilknyttede organisasjoner med det form\u00e5l at de skal levere tjenester til deg p\u00e5 v\u00e5re vegne.<\/p>\n<h3>Hvis loven krever det:<\/h3>\n<p>Vi vil utlevere personopplysningene dine hvis loven krever det, eller hvis vi som selskap med rimelighet mener at utlevering er n\u00f8dvendig for \u00e5 beskytte selskapets rettigheter og\/eller for \u00e5 etterkomme en rettssak, rettskjennelse eller rettslig prosess. Vi vil imidlertid gj\u00f8re det vi kan for \u00e5 sikre at dine personvernrettigheter fortsatt er beskyttet.<\/p>\n<h2>Bruk av underleverand\u00f8rer (databehandlere og underdatabehandlere)<\/h2>\n<p>Vi kan bruke underleverand\u00f8rer til \u00e5 behandle personopplysninger p\u00e5 v\u00e5re vegne, og vi er ansvarlige for \u00e5 s\u00f8rge for at de forplikter seg til \u00e5 overholde denne personvernerkl\u00e6ringen og gjeldende personvernlovgivning ved \u00e5 undertegne en databehandleravtale.<\/p>\n<p>Hvis underleverand\u00f8ren behandler personopplysninger utenfor EU\/E\u00d8S-omr\u00e5det, m\u00e5 slik behandling v\u00e6re i samsvar med EUs Privacy Shield-rammeverk, EUs standardkontraktsklausuler for overf\u00f8ring til tredjeland eller et annet spesifikt angitt lovlig grunnlag for overf\u00f8ring av personopplysninger til et tredjeland.<\/p>\n<h2>Endringer i denne personvernerkl\u00e6ringen<\/h2>\n<p>Epsis forbeholder seg retten til n\u00e5r som helst \u00e5 endre denne personvernerkl\u00e6ringen. Den til enhver tid gjeldende versjonen vil alltid v\u00e6re \u00e5 finne p\u00e5 v\u00e5re nettsider. Vi oppfordrer deg til \u00e5 sjekke denne personvernerkl\u00e6ringen med jevne mellomrom for \u00e5 forsikre deg om at du er forn\u00f8yd med eventuelle endringer.<\/p>\n<p>Hvis vi gj\u00f8r endringer som i vesentlig grad endrer v\u00e5r personvernpraksis, vil vi varsle deg via e-post eller legge ut en melding p\u00e5 v\u00e5re nettsider f\u00f8r endringen trer i kraft.<\/p>\n<h2>Din rett til \u00e5 klage til en tilsynsmyndighet<\/h2>\n<p>Hvis du er misforn\u00f8yd med m\u00e5ten personopplysningene dine har blitt behandlet p\u00e5, kan du i f\u00f8rste omgang kontakte\u00a0<a href=\"mailto:post@epsis.com\">post@epsis.com<\/a><\/p>\n<p>Hvis du fortsatt er misforn\u00f8yd, har du rett til \u00e5 henvende deg direkte til din nasjonale tilsynsmyndighet for \u00e5 f\u00e5 en avgj\u00f8relse. For Norge er dette:<\/p>\n<p>Datatilsynet<br \/>\n<a href=\"http:\/\/www.datatilsynet.no\/\">www.datatilsynet.no<\/a><\/p>\n\n\t\t<\/div>\n\t<\/div>\n<\/div><\/div><\/div><\/div>\n<\/div>","protected":false},"excerpt":{"rendered":"Epsis Privacy Policy Epsis respects your privacy. Please read our Privacy policy below. This Privacy Statement was published 20 November, 2018. Updated: 17.09.21 In Epsis we are committed to protect and respect your privacy in compliance with EU- General Data Protection Regulation (GDPR) 2016\/679, dated April 27th 2016. This privacy statement explains when and why [...]","protected":false},"author":2,"featured_media":0,"parent":0,"menu_order":0,"comment_status":"closed","ping_status":"closed","template":"page-templates\/landing.php","meta":{"content-type":"","_genesis_hide_title":false,"_genesis_hide_breadcrumbs":false,"_genesis_hide_singular_image":false,"_genesis_hide_footer_widgets":false,"_genesis_custom_body_class":"","_genesis_custom_post_class":"","_genesis_layout":"","_vp_format_video_url":"","_vp_image_focal_point":[],"footnotes":""},"class_list":{"0":"post-104","1":"page","2":"type-page","3":"status-publish","5":"entry"},"yoast_head":"<!-- This site is optimized with the Yoast SEO plugin v27.5 - https:\/\/yoast.com\/product\/yoast-seo-wordpress\/ -->\n<title>Privacy Policy - Epsis<\/title>\n<meta name=\"robots\" content=\"index, follow, max-snippet:-1, max-image-preview:large, max-video-preview:-1\" \/>\n<link rel=\"canonical\" href=\"https:\/\/epsis.com\/no\/personvernerklaering\/\" \/>\n<meta property=\"og:locale\" content=\"nb_NO\" \/>\n<meta property=\"og:type\" content=\"article\" \/>\n<meta property=\"og:title\" content=\"Privacy Policy - Epsis\" \/>\n<meta property=\"og:url\" content=\"https:\/\/epsis.com\/no\/personvernerklaering\/\" \/>\n<meta property=\"og:site_name\" content=\"Epsis\" \/>\n<meta property=\"article:publisher\" content=\"https:\/\/www.facebook.com\/EpsisAs\" \/>\n<meta property=\"article:modified_time\" content=\"2023-03-10T11:12:25+00:00\" \/>\n<meta property=\"og:image\" content=\"https:\/\/epsis.com\/wp-content\/uploads\/2021\/11\/cookie.png\" \/>\n<meta name=\"twitter:card\" content=\"summary_large_image\" \/>\n<meta name=\"twitter:label1\" content=\"Ansl. lesetid\" \/>\n\t<meta name=\"twitter:data1\" content=\"8 minutter\" \/>\n<script type=\"application\/ld+json\" class=\"yoast-schema-graph\">{\"@context\":\"https:\\\/\\\/schema.org\",\"@graph\":[{\"@type\":\"WebPage\",\"@id\":\"https:\\\/\\\/epsis.com\\\/privacy-policy\\\/\",\"url\":\"https:\\\/\\\/epsis.com\\\/privacy-policy\\\/\",\"name\":\"Privacy Policy - Epsis\",\"isPartOf\":{\"@id\":\"https:\\\/\\\/epsis.com\\\/#website\"},\"primaryImageOfPage\":{\"@id\":\"https:\\\/\\\/epsis.com\\\/privacy-policy\\\/#primaryimage\"},\"image\":{\"@id\":\"https:\\\/\\\/epsis.com\\\/privacy-policy\\\/#primaryimage\"},\"thumbnailUrl\":\"https:\\\/\\\/epsis.com\\\/wp-content\\\/uploads\\\/2021\\\/11\\\/cookie.png\",\"datePublished\":\"2019-09-12T11:42:19+00:00\",\"dateModified\":\"2023-03-10T11:12:25+00:00\",\"breadcrumb\":{\"@id\":\"https:\\\/\\\/epsis.com\\\/privacy-policy\\\/#breadcrumb\"},\"inLanguage\":\"nb-NO\",\"potentialAction\":[{\"@type\":\"ReadAction\",\"target\":[\"https:\\\/\\\/epsis.com\\\/privacy-policy\\\/\"]}]},{\"@type\":\"ImageObject\",\"inLanguage\":\"nb-NO\",\"@id\":\"https:\\\/\\\/epsis.com\\\/privacy-policy\\\/#primaryimage\",\"url\":\"https:\\\/\\\/epsis.com\\\/wp-content\\\/uploads\\\/2021\\\/11\\\/cookie.png\",\"contentUrl\":\"https:\\\/\\\/epsis.com\\\/wp-content\\\/uploads\\\/2021\\\/11\\\/cookie.png\"},{\"@type\":\"BreadcrumbList\",\"@id\":\"https:\\\/\\\/epsis.com\\\/privacy-policy\\\/#breadcrumb\",\"itemListElement\":[{\"@type\":\"ListItem\",\"position\":1,\"name\":\"Epsis\",\"item\":\"https:\\\/\\\/epsis.com\\\/\"},{\"@type\":\"ListItem\",\"position\":2,\"name\":\"Privacy Policy\"}]},{\"@type\":\"WebSite\",\"@id\":\"https:\\\/\\\/epsis.com\\\/#website\",\"url\":\"https:\\\/\\\/epsis.com\\\/\",\"name\":\"Epsis\",\"description\":\"We care about tomorrows work\",\"publisher\":{\"@id\":\"https:\\\/\\\/epsis.com\\\/#organization\"},\"potentialAction\":[{\"@type\":\"SearchAction\",\"target\":{\"@type\":\"EntryPoint\",\"urlTemplate\":\"https:\\\/\\\/epsis.com\\\/?s={search_term_string}\"},\"query-input\":{\"@type\":\"PropertyValueSpecification\",\"valueRequired\":true,\"valueName\":\"search_term_string\"}}],\"inLanguage\":\"nb-NO\"},{\"@type\":\"Organization\",\"@id\":\"https:\\\/\\\/epsis.com\\\/#organization\",\"name\":\"Epsis\",\"url\":\"https:\\\/\\\/epsis.com\\\/\",\"logo\":{\"@type\":\"ImageObject\",\"inLanguage\":\"nb-NO\",\"@id\":\"https:\\\/\\\/epsis.com\\\/#\\\/schema\\\/logo\\\/image\\\/\",\"url\":\"https:\\\/\\\/epsis.com\\\/wp-content\\\/uploads\\\/2021\\\/09\\\/cropped-Epsis-blk.png\",\"contentUrl\":\"https:\\\/\\\/epsis.com\\\/wp-content\\\/uploads\\\/2021\\\/09\\\/cropped-Epsis-blk.png\",\"width\":400,\"height\":155,\"caption\":\"Epsis\"},\"image\":{\"@id\":\"https:\\\/\\\/epsis.com\\\/#\\\/schema\\\/logo\\\/image\\\/\"},\"sameAs\":[\"https:\\\/\\\/www.facebook.com\\\/EpsisAs\",\"https:\\\/\\\/www.instagram.com\\\/epsisofficial\\\/\",\"https:\\\/\\\/www.linkedin.com\\\/company\\\/epsis\\\/\"]}]}<\/script>\n<!-- \/ Yoast SEO plugin. -->","yoast_head_json":{"title":"Retningslinjer for personvern - Epsis","robots":{"index":"index","follow":"follow","max-snippet":"max-snippet:-1","max-image-preview":"max-image-preview:large","max-video-preview":"max-video-preview:-1"},"canonical":"https:\/\/epsis.com\/no\/personvernerklaering\/","og_locale":"nb_NO","og_type":"article","og_title":"Privacy Policy - Epsis","og_url":"https:\/\/epsis.com\/no\/personvernerklaering\/","og_site_name":"Epsis","article_publisher":"https:\/\/www.facebook.com\/EpsisAs","article_modified_time":"2023-03-10T11:12:25+00:00","og_image":[{"url":"https:\/\/epsis.com\/wp-content\/uploads\/2021\/11\/cookie.png","type":"","width":"","height":""}],"twitter_card":"summary_large_image","twitter_misc":{"Ansl. lesetid":"8 minutter"},"schema":{"@context":"https:\/\/schema.org","@graph":[{"@type":"WebPage","@id":"https:\/\/epsis.com\/privacy-policy\/","url":"https:\/\/epsis.com\/privacy-policy\/","name":"Retningslinjer for personvern - Epsis","isPartOf":{"@id":"https:\/\/epsis.com\/#website"},"primaryImageOfPage":{"@id":"https:\/\/epsis.com\/privacy-policy\/#primaryimage"},"image":{"@id":"https:\/\/epsis.com\/privacy-policy\/#primaryimage"},"thumbnailUrl":"https:\/\/epsis.com\/wp-content\/uploads\/2021\/11\/cookie.png","datePublished":"2019-09-12T11:42:19+00:00","dateModified":"2023-03-10T11:12:25+00:00","breadcrumb":{"@id":"https:\/\/epsis.com\/privacy-policy\/#breadcrumb"},"inLanguage":"nb-NO","potentialAction":[{"@type":"ReadAction","target":["https:\/\/epsis.com\/privacy-policy\/"]}]},{"@type":"ImageObject","inLanguage":"nb-NO","@id":"https:\/\/epsis.com\/privacy-policy\/#primaryimage","url":"https:\/\/epsis.com\/wp-content\/uploads\/2021\/11\/cookie.png","contentUrl":"https:\/\/epsis.com\/wp-content\/uploads\/2021\/11\/cookie.png"},{"@type":"BreadcrumbList","@id":"https:\/\/epsis.com\/privacy-policy\/#breadcrumb","itemListElement":[{"@type":"ListItem","position":1,"name":"Epsis","item":"https:\/\/epsis.com\/"},{"@type":"ListItem","position":2,"name":"Privacy Policy"}]},{"@type":"WebSite","@id":"https:\/\/epsis.com\/#website","url":"https:\/\/epsis.com\/","name":"Epsis","description":"Vi brenner for morgendagens arbeid","publisher":{"@id":"https:\/\/epsis.com\/#organization"},"potentialAction":[{"@type":"SearchAction","target":{"@type":"EntryPoint","urlTemplate":"https:\/\/epsis.com\/?s={search_term_string}"},"query-input":{"@type":"PropertyValueSpecification","valueRequired":true,"valueName":"search_term_string"}}],"inLanguage":"nb-NO"},{"@type":"Organization","@id":"https:\/\/epsis.com\/#organization","name":"Epsis","url":"https:\/\/epsis.com\/","logo":{"@type":"ImageObject","inLanguage":"nb-NO","@id":"https:\/\/epsis.com\/#\/schema\/logo\/image\/","url":"https:\/\/epsis.com\/wp-content\/uploads\/2021\/09\/cropped-Epsis-blk.png","contentUrl":"https:\/\/epsis.com\/wp-content\/uploads\/2021\/09\/cropped-Epsis-blk.png","width":400,"height":155,"caption":"Epsis"},"image":{"@id":"https:\/\/epsis.com\/#\/schema\/logo\/image\/"},"sameAs":["https:\/\/www.facebook.com\/EpsisAs","https:\/\/www.instagram.com\/epsisofficial\/","https:\/\/www.linkedin.com\/company\/epsis\/"]}]}},"_links":{"self":[{"href":"https:\/\/epsis.com\/no\/wp-json\/wp\/v2\/pages\/104","targetHints":{"allow":["GET"]}}],"collection":[{"href":"https:\/\/epsis.com\/no\/wp-json\/wp\/v2\/pages"}],"about":[{"href":"https:\/\/epsis.com\/no\/wp-json\/wp\/v2\/types\/page"}],"author":[{"embeddable":true,"href":"https:\/\/epsis.com\/no\/wp-json\/wp\/v2\/users\/2"}],"replies":[{"embeddable":true,"href":"https:\/\/epsis.com\/no\/wp-json\/wp\/v2\/comments?post=104"}],"version-history":[{"count":0,"href":"https:\/\/epsis.com\/no\/wp-json\/wp\/v2\/pages\/104\/revisions"}],"wp:attachment":[{"href":"https:\/\/epsis.com\/no\/wp-json\/wp\/v2\/media?parent=104"}],"curies":[{"name":"wp","href":"https:\/\/api.w.org\/{rel}","templated":true}]}}