{"id":1081,"date":"2022-07-06T12:11:16","date_gmt":"2022-07-06T12:11:16","guid":{"rendered":"https:\/\/epsis.com\/?page_id=1081"},"modified":"2026-02-12T13:00:51","modified_gmt":"2026-02-12T13:00:51","slug":"enify","status":"publish","type":"page","link":"https:\/\/epsis.com\/no\/enify\/","title":{"rendered":"Enify"},"content":{"rendered":"<div class=\"wpb-content-wrapper\"><div data-vc-full-width=\"true\" data-vc-full-width-temp=\"true\" data-vc-full-width-init=\"false\" class=\"vc_row wpb_row vc_row-fluid vc_custom_1568373890278\"><div class=\"wpb_column vc_column_container vc_col-sm-12\"><div class=\"vc_column-inner\"><div class=\"wpb_wrapper\">\n\t<div class=\"wpb_text_column wpb_content_element\" >\n\t\t<div class=\"wpb_wrapper\">\n\t\t\t<div class=\"breadcrumb\" itemprop=\"breadcrumb\"><span><span><a href=\"https:\/\/epsis.com\/no\/\">Epsis<\/a><\/span><\/span><\/div>\n\n\t\t<\/div>\n\t<\/div>\n<\/div><\/div><\/div><\/div><div class=\"vc_row-full-width vc_clearfix\"><\/div><div data-vc-full-width=\"true\" data-vc-full-width-temp=\"true\" data-vc-full-width-init=\"false\" data-vc-parallax=\"1.5\" class=\"vc_row wpb_row vc_row-fluid vc_custom_1757940929112 vc_row-has-fill vc_row-o-equal-height vc_row-o-content-middle vc_row-flex vc_general vc_parallax vc_parallax-content-moving\"><div class=\"wpb_animate_when_almost_visible wpb_fadeIn fadeIn wpb_column vc_column_container vc_col-sm-8\"><div class=\"vc_column-inner vc_custom_1657106721154\"><div class=\"wpb_wrapper\">\n\t<div class=\"wpb_text_column wpb_content_element vc_custom_1757941521836 introtekst\" >\n\t\t<div class=\"wpb_wrapper\">\n\t\t\t<h2 style=\"font-size: 12px; letter-spacing: 2px; text-transform: uppercase;\">M\u00f8t Enify<\/h2>\n<h1>Den operative arbeidsplattformen for <i class=\"brygada-text\">team og kontrollrom.<\/i><\/h1>\n\n\t\t<\/div>\n\t<\/div>\n\n\t<div class=\"wpb_text_column wpb_content_element wpb_animate_when_almost_visible wpb_fadeIn fadeIn\" >\n\t\t<div class=\"wpb_wrapper\">\n\t\t\t<p><strong>Fra Epsis. Bygget for struktur. Designet for smartere operasjonelt arbeid.<\/strong><\/p>\n<p>Enify er programvare-f\u00f8rst system for moderne operasjoner, som omdanner informasjonskaos til klarhet. Den kobler oppgaver, verkt\u00f8y og mennesker, og setter de riktige dataene p\u00e5 riktig skjerm, til riktig tid. Ikke mer kompleksistet rundt hardware og spesialister. Bare intelligent flyt.<\/p>\n\n\t\t<\/div>\n\t<\/div>\n\n\t<div class=\"wpb_text_column wpb_content_element vc_custom_1757601046620 button-enify\" >\n\t\t<div class=\"wpb_wrapper\">\n\t\t\t<p><a href=\"https:\/\/enify.no\/\">G\u00e5 til Enify-nettsiden <i class=\"fa-solid fa-arrow-right\"><\/i><\/a> <a href=\"https:\/\/enify.io\/launch-enify-control\">L\u00e6r mer om Enify Control <i class=\"fa-solid fa-arrow-right\"><\/i><\/a><\/p>\n\n\t\t<\/div>\n\t<\/div>\n<\/div><\/div><\/div><div class=\"wpb_column vc_column_container vc_col-sm-4 vc_col-has-fill\"><div class=\"vc_column-inner vc_custom_1757940898302\"><div class=\"wpb_wrapper\">\n\t<div  class=\"wpb_single_image wpb_content_element vc_align_right wpb_content_element wpb_animate_when_almost_visible wpb_right-to-left right-to-left\">\n\t\t\n\t\t<figure class=\"wpb_wrapper vc_figure\">\n\t\t\t<div class=\"vc_single_image-wrapper   vc_box_border_grey\"><img loading=\"lazy\" decoding=\"async\" width=\"1500\" height=\"1270\" src=\"https:\/\/epsis.com\/wp-content\/uploads\/2025\/09\/preview_dark.webp\" class=\"vc_single_image-img attachment-full\" alt=\"\" title=\"forh\u00e5ndsvisning_m\u00f8rk\" srcset=\"https:\/\/epsis.com\/wp-content\/uploads\/2025\/09\/preview_dark.webp 1500w, https:\/\/epsis.com\/wp-content\/uploads\/2025\/09\/preview_dark-300x254.webp 300w, https:\/\/epsis.com\/wp-content\/uploads\/2025\/09\/preview_dark-1024x867.webp 1024w, https:\/\/epsis.com\/wp-content\/uploads\/2025\/09\/preview_dark-768x650.webp 768w, https:\/\/epsis.com\/wp-content\/uploads\/2025\/09\/preview_dark-14x12.webp 14w, https:\/\/epsis.com\/wp-content\/uploads\/2025\/09\/preview_dark-500x423.webp 500w, https:\/\/epsis.com\/wp-content\/uploads\/2025\/09\/preview_dark-800x677.webp 800w, https:\/\/epsis.com\/wp-content\/uploads\/2025\/09\/preview_dark-1280x1084.webp 1280w\" sizes=\"auto, (max-width: 1500px) 100vw, 1500px\" \/><\/div>\n\t\t<\/figure>\n\t<\/div>\n<\/div><\/div><\/div><\/div><div class=\"vc_row-full-width vc_clearfix\"><\/div><div data-vc-full-width=\"true\" data-vc-full-width-temp=\"true\" data-vc-full-width-init=\"false\" class=\"vc_row wpb_row vc_row-fluid vc_custom_1757942228733 vc_row-has-fill vc_row-o-equal-height vc_row-flex\"><div class=\"wpb_column vc_column_container vc_col-sm-12\"><div class=\"vc_column-inner\"><div class=\"wpb_wrapper\">\n\t<div class=\"wpb_text_column wpb_content_element wpb_animate_when_almost_visible wpb_fadeIn fadeIn\" >\n\t\t<div class=\"wpb_wrapper\">\n\t\t\t<h3 style=\"font-size: 12px; letter-spacing: 2px; text-transform: uppercase;\">Hvorfor eksisterer Enify?<\/h3>\n<p>Operasjoner i dag er fragmentert: mange verkt\u00f8y, hybride team, statiske rom<br \/>\nEnify gir teamet ditt en smartere m\u00e5te \u00e5 jobbe p\u00e5, enten du sitter i et kontrollrom eller jobber i et eksternt team.<\/p>\n<p>Fra daglige rutiner til kritisike aksjoner, enify hjelper dere \u00e5 strukturere informasjonsflyten<\/p>\n\n\t\t<\/div>\n\t<\/div>\n<\/div><\/div><\/div><\/div><div class=\"vc_row-full-width vc_clearfix\"><\/div><div class=\"vc_row wpb_row vc_row-fluid\"><div class=\"wpb_column vc_column_container vc_col-sm-12\"><div class=\"vc_column-inner\"><div class=\"wpb_wrapper\">\n\t<div class=\"wpb_text_column wpb_content_element wpb_animate_when_almost_visible wpb_fadeIn fadeIn\" >\n\t\t<div class=\"wpb_wrapper\">\n\t\t\t<h3>Tre utfordringer vi l\u00f8ser<\/h3>\n\n\t\t<\/div>\n\t<\/div>\n<div class=\"vc_separator wpb_content_element vc_separator_align_center vc_sep_width_100 vc_sep_pos_align_center vc_separator_no_text vc_sep_color_black vc_custom_1757940392611 wpb_content_element  vc_custom_1757940392611 wpb_content_element\" ><span class=\"vc_sep_holder vc_sep_holder_l\"><span class=\"vc_sep_line\"><\/span><\/span><span class=\"vc_sep_holder vc_sep_holder_r\"><span class=\"vc_sep_line\"><\/span><\/span>\n<\/div><div class=\"vc_row wpb_row vc_inner vc_row-fluid vc_row-o-content-middle vc_row-flex\"><div class=\"wpb_column vc_column_container vc_col-sm-4\"><div class=\"vc_column-inner\"><div class=\"wpb_wrapper\">\n\t<div class=\"wpb_text_column wpb_content_element wpb_animate_when_almost_visible wpb_bottom-to-top bottom-to-top vc_custom_1758012275737 on-dark\" >\n\t\t<div class=\"wpb_wrapper\">\n\t\t\t<p style=\"text-align: center;\"><strong>Frakoblede verkt\u00f8y, ingen struktur<\/strong><br \/>\nSamle systemer til ett smart grensesnitt med drag&amp;drop Elementer og Boards.<\/p>\n\n\t\t<\/div>\n\t<\/div>\n<\/div><\/div><\/div><div class=\"wpb_column vc_column_container vc_col-sm-4\"><div class=\"vc_column-inner\"><div class=\"wpb_wrapper\">\n\t<div class=\"wpb_text_column wpb_content_element wpb_animate_when_almost_visible wpb_bottom-to-top bottom-to-top vc_custom_1758012007097 on-dark\" >\n\t\t<div class=\"wpb_wrapper\">\n\t\t\t<p style=\"text-align: center;\"><strong>For mye bytting, for lite fokus<\/strong><br \/>\nLagre arbeidsflyten og start p\u00e5 nytt p\u00e5 f\u00e5 sekunder<\/p>\n\n\t\t<\/div>\n\t<\/div>\n<\/div><\/div><\/div><div class=\"wpb_column vc_column_container vc_col-sm-4\"><div class=\"vc_column-inner\"><div class=\"wpb_wrapper\">\n\t<div class=\"wpb_text_column wpb_content_element wpb_animate_when_almost_visible wpb_bottom-to-top bottom-to-top vc_custom_1758012012545 on-dark\" >\n\t\t<div class=\"wpb_wrapper\">\n\t\t\t<p style=\"text-align: center;\"><strong class=\"skrollable skrollable-between\" data-start=\"1206\" data-end=\"1243\">Dyre, rigide kontrollrom\u00a0<\/strong><br class=\"skrollable skrollable-between\" data-start=\"1243\" data-end=\"1246\" \/>Kontroller rommet, applikasjoner og skjermer med enify control. Kun software.<\/p>\n\n\t\t<\/div>\n\t<\/div>\n<\/div><\/div><\/div><\/div><\/div><\/div><\/div><\/div><div class=\"vc_row wpb_row vc_row-fluid vc_custom_1758012497552\"><div class=\"wpb_column vc_column_container vc_col-sm-12\"><div class=\"vc_column-inner\"><div class=\"wpb_wrapper\">\n\t<div class=\"wpb_text_column wpb_content_element\" >\n\t\t<div class=\"wpb_wrapper\">\n\t\t\t<h3>La oss se p\u00e5 noen funksjoner.<\/h3>\n\n\t\t<\/div>\n\t<\/div>\n<div class=\"vc_separator wpb_content_element vc_separator_align_center vc_sep_width_100 vc_sep_pos_align_center vc_separator_no_text vc_sep_color_black vc_custom_1757940392611 wpb_content_element  vc_custom_1757940392611 wpb_content_element\" ><span class=\"vc_sep_holder vc_sep_holder_l\"><span class=\"vc_sep_line\"><\/span><\/span><span class=\"vc_sep_holder vc_sep_holder_r\"><span class=\"vc_sep_line\"><\/span><\/span>\n<\/div>\n\t<div class=\"wpb_raw_code wpb_raw_html wpb_content_element\" >\n\t\t<div class=\"wpb_wrapper\">\n\t\t\t<div>\n  <script async src=\"https:\/\/js.storylane.io\/js\/v2\/storylane.js\"><\/script>\n  <div class=\"sl-embed\" style=\"position:relative;padding-bottom:calc(59.03% + 25px);width:100%;height:0;transform:scale(1)\">\n    <iframe loading=\"lazy\" class=\"sl-demo\" src=\"https:\/\/epsis.storylane.io\/demo\/kdlpozgqmaol?embed=inline\" name=\"sl-embed\" allow=\"fullscreen\" allowfullscreen style=\"position:absolute;top:0;left:0;width:100%!important;height:100%!important;border:1px solid rgba(63,95,172,0.35);box-shadow: 0px 0px 18px rgba(26, 19, 72, 0.15);border-radius:10px;box-sizing:border-box;\"><\/iframe>\n  <\/div>\n<\/div>\n\t\t<\/div>\n\t<\/div>\n<\/div><\/div><\/div><\/div><div class=\"vc_row wpb_row vc_row-fluid wpb_animate_when_almost_visible wpb_fadeIn fadeIn vc_custom_1758012462669 vc_row-o-equal-height vc_row-o-content-middle vc_row-flex\"><div class=\"wpb_animate_when_almost_visible wpb_fadeIn fadeIn wpb_column vc_column_container vc_col-sm-6 vc_col-has-fill\"><div class=\"vc_column-inner vc_custom_1758012450623\"><div class=\"wpb_wrapper\">\n\t<div class=\"wpb_text_column wpb_content_element vc_custom_1758012444593\" >\n\t\t<div class=\"wpb_wrapper\">\n\t\t\t<h3>Hva du f\u00e5r med Enify<\/h3>\n<p>\u2192 Enhetlige grensesnitt p\u00e5 tvers av rom, team og skjermer<br \/>\n\u2192 Rask oppsett, ingen koding eller tunge integrasjoner<br \/>\n\u2192 Azure sikkerhet, bygget for skalerbarhet<br \/>\n\u2192 Umiddelbar tilgang til strukturerte arbeidsflyter<br \/>\n\u2192 Kontrollromfleksibilitet med programvare<\/p>\n\n\t\t<\/div>\n\t<\/div>\n<\/div><\/div><\/div><div class=\"wpb_column vc_column_container vc_col-sm-6 vc_col-has-fill\"><div class=\"vc_column-inner vc_custom_1758012564446\"><div class=\"wpb_wrapper\">\n\t<div class=\"wpb_text_column wpb_content_element on-dark\" >\n\t\t<div class=\"wpb_wrapper\">\n\t\t\t<h3>Fra visjon til realitet<\/h3>\n<p>Built av Epsis, Enify reflekterer mange \u00e5r med erfaring i operasjonell samhandling.<br \/>\nVi jobber sammen med Microsoft, NDI\u00ae og partnere. M\u00e5let er \u00e5 levere raske og fleksible digitale driftssentre over hele verden.<\/p>\n\n\t\t<\/div>\n\t<\/div>\n<\/div><\/div><\/div><\/div><div data-vc-full-width=\"true\" data-vc-full-width-temp=\"true\" data-vc-full-width-init=\"false\" data-vc-stretch-content=\"true\" class=\"vc_row wpb_row vc_row-fluid wpb_animate_when_almost_visible wpb_fadeIn fadeIn vc_custom_1757932704058 vc_row-has-fill vc_row-no-padding vc_row-o-equal-height vc_row-o-content-middle vc_row-flex\"><div class=\"wpb_column vc_column_container vc_col-sm-8 vc_col-has-fill\"><div class=\"vc_column-inner vc_custom_1757932658032\"><div class=\"wpb_wrapper\">\n\t<div class=\"wpb_text_column wpb_content_element wpb_animate_when_almost_visible wpb_bottom-to-top bottom-to-top vc_custom_1757939458076 contact-row\" >\n\t\t<div class=\"wpb_wrapper\">\n\t\t\t<h4 style=\"font-size: 12px; letter-spacing: 2px; text-transform: uppercase;\">Kontakt oss<\/h4>\n<h3>Vil du vite hvordan Enify kan dekke bedriftens behov?<\/h3>\n<p>Vi vil gjerne gi deg en demo.<\/p>\n\n\t\t<\/div>\n\t<\/div>\n\n\t<div class=\"wpb_raw_code wpb_raw_html wpb_content_element\" >\n\t\t<div class=\"wpb_wrapper\">\n\t\t\t<script charset=\"utf-8\" type=\"text\/javascript\" src=\"\/\/js.hsforms.net\/forms\/v2.js\"><\/script>\n<script>\n  hbspt.forms.create({\n    region: \"na1\",\n    portalId: \"7418661\",\n    formId: \"557bad4b-b70b-4efb-b0cb-91d840066130\"\n  });\n<\/script>\n\t\t<\/div>\n\t<\/div>\n<\/div><\/div><\/div><div class=\"wpb_animate_when_almost_visible wpb_fadeIn fadeIn wpb_column vc_column_container vc_col-sm-4 vc_col-has-fill\"><div class=\"vc_column-inner vc_custom_1757932688707\"><div class=\"wpb_wrapper\">\n\t<div  class=\"wpb_single_image wpb_content_element vc_align_left wpb_content_element wpb_animate_when_almost_visible wpb_right-to-left right-to-left\">\n\t\t\n\t\t<figure class=\"wpb_wrapper vc_figure\">\n\t\t\t<div class=\"vc_single_image-wrapper vc_box_circle  vc_box_border_grey\"><img loading=\"lazy\" decoding=\"async\" width=\"800\" height=\"800\" src=\"https:\/\/epsis.com\/wp-content\/uploads\/2022\/11\/AST-800x800-1.webp\" class=\"vc_single_image-img attachment-full\" alt=\"\" title=\"AST-800x800\" srcset=\"https:\/\/epsis.com\/wp-content\/uploads\/2022\/11\/AST-800x800-1.webp 800w, https:\/\/epsis.com\/wp-content\/uploads\/2022\/11\/AST-800x800-1-300x300.webp 300w, https:\/\/epsis.com\/wp-content\/uploads\/2022\/11\/AST-800x800-1-150x150.webp 150w, https:\/\/epsis.com\/wp-content\/uploads\/2022\/11\/AST-800x800-1-768x768.webp 768w, https:\/\/epsis.com\/wp-content\/uploads\/2022\/11\/AST-800x800-1-12x12.webp 12w, https:\/\/epsis.com\/wp-content\/uploads\/2022\/11\/AST-800x800-1-75x75.webp 75w, https:\/\/epsis.com\/wp-content\/uploads\/2022\/11\/AST-800x800-1-500x500.webp 500w\" sizes=\"auto, (max-width: 800px) 100vw, 800px\" \/><\/div>\n\t\t<\/figure>\n\t<\/div>\n<\/div><\/div><\/div><\/div><div class=\"vc_row-full-width vc_clearfix\"><\/div>\n<\/div>","protected":false},"excerpt":{"rendered":"Epsis Meet Enify The operational workspace platform for teams and control rooms. From Epsis. Powered by structure. Designed for smarter operational work. Enify is the software-first control layer for modern operations, turning information chaos into clarity. It connects tasks, tools, and people, putting the right data on the right screen, at the right time. No [...]","protected":false},"author":2,"featured_media":1223,"parent":0,"menu_order":0,"comment_status":"closed","ping_status":"closed","template":"","meta":{"content-type":"","_genesis_hide_title":false,"_genesis_hide_breadcrumbs":false,"_genesis_hide_singular_image":false,"_genesis_hide_footer_widgets":false,"_genesis_custom_body_class":"","_genesis_custom_post_class":"","_genesis_layout":"","_vp_format_video_url":"","_vp_image_focal_point":[],"footnotes":""},"class_list":{"0":"post-1081","1":"page","2":"type-page","3":"status-publish","4":"has-post-thumbnail","6":"entry"},"yoast_head":"<!-- This site is optimized with the Yoast SEO plugin v27.4 - https:\/\/yoast.com\/product\/yoast-seo-wordpress\/ -->\n<title>Enify | Your Digital Workspace - Epsis<\/title>\n<meta name=\"description\" content=\"Help boost work performance and teamwork by linking apps to people, tasks, and screens using Enify - Your Digital Workspace\" \/>\n<meta name=\"robots\" content=\"index, follow, max-snippet:-1, max-image-preview:large, max-video-preview:-1\" \/>\n<link rel=\"canonical\" href=\"https:\/\/epsis.com\/no\/enify\/\" \/>\n<meta property=\"og:locale\" content=\"nb_NO\" \/>\n<meta property=\"og:type\" content=\"article\" \/>\n<meta property=\"og:title\" content=\"Enify | Your Digital Workspace - Epsis\" \/>\n<meta property=\"og:description\" content=\"Help boost work performance and teamwork by linking apps to people, tasks, and screens using Enify - Your Digital Workspace\" \/>\n<meta property=\"og:url\" content=\"https:\/\/epsis.com\/no\/enify\/\" \/>\n<meta property=\"og:site_name\" content=\"Epsis\" \/>\n<meta property=\"article:publisher\" content=\"https:\/\/www.facebook.com\/EpsisAs\" \/>\n<meta property=\"article:modified_time\" content=\"2026-02-12T13:00:51+00:00\" \/>\n<meta property=\"og:image\" content=\"https:\/\/epsis.com\/wp-content\/uploads\/2022\/11\/Invest-in-Enify-3-e1688543191549.webp\" \/>\n\t<meta property=\"og:image:width\" content=\"960\" \/>\n\t<meta property=\"og:image:height\" content=\"563\" \/>\n\t<meta property=\"og:image:type\" content=\"image\/webp\" \/>\n<meta name=\"twitter:card\" content=\"summary_large_image\" \/>\n<meta name=\"twitter:label1\" content=\"Ansl. lesetid\" \/>\n\t<meta name=\"twitter:data1\" content=\"3 minutter\" \/>\n<script type=\"application\/ld+json\" class=\"yoast-schema-graph\">{\"@context\":\"https:\\\/\\\/schema.org\",\"@graph\":[{\"@type\":\"WebPage\",\"@id\":\"https:\\\/\\\/epsis.com\\\/enify\\\/\",\"url\":\"https:\\\/\\\/epsis.com\\\/enify\\\/\",\"name\":\"Enify | Your Digital Workspace - Epsis\",\"isPartOf\":{\"@id\":\"https:\\\/\\\/epsis.com\\\/#website\"},\"primaryImageOfPage\":{\"@id\":\"https:\\\/\\\/epsis.com\\\/enify\\\/#primaryimage\"},\"image\":{\"@id\":\"https:\\\/\\\/epsis.com\\\/enify\\\/#primaryimage\"},\"thumbnailUrl\":\"https:\\\/\\\/epsis.com\\\/wp-content\\\/uploads\\\/2022\\\/11\\\/Invest-in-Enify-3-e1688543191549.webp\",\"datePublished\":\"2022-07-06T12:11:16+00:00\",\"dateModified\":\"2026-02-12T13:00:51+00:00\",\"description\":\"Help boost work performance and teamwork by linking apps to people, tasks, and screens using Enify - Your Digital Workspace\",\"breadcrumb\":{\"@id\":\"https:\\\/\\\/epsis.com\\\/enify\\\/#breadcrumb\"},\"inLanguage\":\"nb-NO\",\"potentialAction\":[{\"@type\":\"ReadAction\",\"target\":[\"https:\\\/\\\/epsis.com\\\/enify\\\/\"]}]},{\"@type\":\"ImageObject\",\"inLanguage\":\"nb-NO\",\"@id\":\"https:\\\/\\\/epsis.com\\\/enify\\\/#primaryimage\",\"url\":\"https:\\\/\\\/epsis.com\\\/wp-content\\\/uploads\\\/2022\\\/11\\\/Invest-in-Enify-3-e1688543191549.webp\",\"contentUrl\":\"https:\\\/\\\/epsis.com\\\/wp-content\\\/uploads\\\/2022\\\/11\\\/Invest-in-Enify-3-e1688543191549.webp\",\"width\":960,\"height\":563},{\"@type\":\"BreadcrumbList\",\"@id\":\"https:\\\/\\\/epsis.com\\\/enify\\\/#breadcrumb\",\"itemListElement\":[{\"@type\":\"ListItem\",\"position\":1,\"name\":\"Epsis\",\"item\":\"https:\\\/\\\/epsis.com\\\/\"},{\"@type\":\"ListItem\",\"position\":2,\"name\":\"Enify\"}]},{\"@type\":\"WebSite\",\"@id\":\"https:\\\/\\\/epsis.com\\\/#website\",\"url\":\"https:\\\/\\\/epsis.com\\\/\",\"name\":\"Epsis\",\"description\":\"We care about tomorrows work\",\"publisher\":{\"@id\":\"https:\\\/\\\/epsis.com\\\/#organization\"},\"potentialAction\":[{\"@type\":\"SearchAction\",\"target\":{\"@type\":\"EntryPoint\",\"urlTemplate\":\"https:\\\/\\\/epsis.com\\\/?s={search_term_string}\"},\"query-input\":{\"@type\":\"PropertyValueSpecification\",\"valueRequired\":true,\"valueName\":\"search_term_string\"}}],\"inLanguage\":\"nb-NO\"},{\"@type\":\"Organization\",\"@id\":\"https:\\\/\\\/epsis.com\\\/#organization\",\"name\":\"Epsis\",\"url\":\"https:\\\/\\\/epsis.com\\\/\",\"logo\":{\"@type\":\"ImageObject\",\"inLanguage\":\"nb-NO\",\"@id\":\"https:\\\/\\\/epsis.com\\\/#\\\/schema\\\/logo\\\/image\\\/\",\"url\":\"https:\\\/\\\/epsis.com\\\/wp-content\\\/uploads\\\/2021\\\/09\\\/cropped-Epsis-blk.png\",\"contentUrl\":\"https:\\\/\\\/epsis.com\\\/wp-content\\\/uploads\\\/2021\\\/09\\\/cropped-Epsis-blk.png\",\"width\":400,\"height\":155,\"caption\":\"Epsis\"},\"image\":{\"@id\":\"https:\\\/\\\/epsis.com\\\/#\\\/schema\\\/logo\\\/image\\\/\"},\"sameAs\":[\"https:\\\/\\\/www.facebook.com\\\/EpsisAs\",\"https:\\\/\\\/www.instagram.com\\\/epsisofficial\\\/\",\"https:\\\/\\\/www.linkedin.com\\\/company\\\/epsis\\\/\"]}]}<\/script>\n<!-- \/ Yoast SEO plugin. -->","yoast_head_json":{"title":"Enify - Din digitale arbeidsplass - Epsis","description":"Bidra til \u00e5 \u00f8ke arbeidsinnsatsen og teamarbeidet ved \u00e5 knytte apper til personer, oppgaver og skjermer ved hjelp av Enify - Your Digital Workspace","robots":{"index":"index","follow":"follow","max-snippet":"max-snippet:-1","max-image-preview":"max-image-preview:large","max-video-preview":"max-video-preview:-1"},"canonical":"https:\/\/epsis.com\/no\/enify\/","og_locale":"nb_NO","og_type":"article","og_title":"Enify | Your Digital Workspace - Epsis","og_description":"Help boost work performance and teamwork by linking apps to people, tasks, and screens using Enify - Your Digital Workspace","og_url":"https:\/\/epsis.com\/no\/enify\/","og_site_name":"Epsis","article_publisher":"https:\/\/www.facebook.com\/EpsisAs","article_modified_time":"2026-02-12T13:00:51+00:00","og_image":[{"width":960,"height":563,"url":"https:\/\/epsis.com\/wp-content\/uploads\/2022\/11\/Invest-in-Enify-3-e1688543191549.webp","type":"image\/webp"}],"twitter_card":"summary_large_image","twitter_misc":{"Ansl. lesetid":"3 minutter"},"schema":{"@context":"https:\/\/schema.org","@graph":[{"@type":"WebPage","@id":"https:\/\/epsis.com\/enify\/","url":"https:\/\/epsis.com\/enify\/","name":"Enify - Din digitale arbeidsplass - Epsis","isPartOf":{"@id":"https:\/\/epsis.com\/#website"},"primaryImageOfPage":{"@id":"https:\/\/epsis.com\/enify\/#primaryimage"},"image":{"@id":"https:\/\/epsis.com\/enify\/#primaryimage"},"thumbnailUrl":"https:\/\/epsis.com\/wp-content\/uploads\/2022\/11\/Invest-in-Enify-3-e1688543191549.webp","datePublished":"2022-07-06T12:11:16+00:00","dateModified":"2026-02-12T13:00:51+00:00","description":"Bidra til \u00e5 \u00f8ke arbeidsinnsatsen og teamarbeidet ved \u00e5 knytte apper til personer, oppgaver og skjermer ved hjelp av Enify - Your Digital Workspace","breadcrumb":{"@id":"https:\/\/epsis.com\/enify\/#breadcrumb"},"inLanguage":"nb-NO","potentialAction":[{"@type":"ReadAction","target":["https:\/\/epsis.com\/enify\/"]}]},{"@type":"ImageObject","inLanguage":"nb-NO","@id":"https:\/\/epsis.com\/enify\/#primaryimage","url":"https:\/\/epsis.com\/wp-content\/uploads\/2022\/11\/Invest-in-Enify-3-e1688543191549.webp","contentUrl":"https:\/\/epsis.com\/wp-content\/uploads\/2022\/11\/Invest-in-Enify-3-e1688543191549.webp","width":960,"height":563},{"@type":"BreadcrumbList","@id":"https:\/\/epsis.com\/enify\/#breadcrumb","itemListElement":[{"@type":"ListItem","position":1,"name":"Epsis","item":"https:\/\/epsis.com\/"},{"@type":"ListItem","position":2,"name":"Enify"}]},{"@type":"WebSite","@id":"https:\/\/epsis.com\/#website","url":"https:\/\/epsis.com\/","name":"Epsis","description":"Vi brenner for morgendagens arbeid","publisher":{"@id":"https:\/\/epsis.com\/#organization"},"potentialAction":[{"@type":"SearchAction","target":{"@type":"EntryPoint","urlTemplate":"https:\/\/epsis.com\/?s={search_term_string}"},"query-input":{"@type":"PropertyValueSpecification","valueRequired":true,"valueName":"search_term_string"}}],"inLanguage":"nb-NO"},{"@type":"Organization","@id":"https:\/\/epsis.com\/#organization","name":"Epsis","url":"https:\/\/epsis.com\/","logo":{"@type":"ImageObject","inLanguage":"nb-NO","@id":"https:\/\/epsis.com\/#\/schema\/logo\/image\/","url":"https:\/\/epsis.com\/wp-content\/uploads\/2021\/09\/cropped-Epsis-blk.png","contentUrl":"https:\/\/epsis.com\/wp-content\/uploads\/2021\/09\/cropped-Epsis-blk.png","width":400,"height":155,"caption":"Epsis"},"image":{"@id":"https:\/\/epsis.com\/#\/schema\/logo\/image\/"},"sameAs":["https:\/\/www.facebook.com\/EpsisAs","https:\/\/www.instagram.com\/epsisofficial\/","https:\/\/www.linkedin.com\/company\/epsis\/"]}]}},"_links":{"self":[{"href":"https:\/\/epsis.com\/no\/wp-json\/wp\/v2\/pages\/1081","targetHints":{"allow":["GET"]}}],"collection":[{"href":"https:\/\/epsis.com\/no\/wp-json\/wp\/v2\/pages"}],"about":[{"href":"https:\/\/epsis.com\/no\/wp-json\/wp\/v2\/types\/page"}],"author":[{"embeddable":true,"href":"https:\/\/epsis.com\/no\/wp-json\/wp\/v2\/users\/2"}],"replies":[{"embeddable":true,"href":"https:\/\/epsis.com\/no\/wp-json\/wp\/v2\/comments?post=1081"}],"version-history":[{"count":0,"href":"https:\/\/epsis.com\/no\/wp-json\/wp\/v2\/pages\/1081\/revisions"}],"wp:featuredmedia":[{"embeddable":true,"href":"https:\/\/epsis.com\/no\/wp-json\/wp\/v2\/media\/1223"}],"wp:attachment":[{"href":"https:\/\/epsis.com\/no\/wp-json\/wp\/v2\/media?parent=1081"}],"curies":[{"name":"wp","href":"https:\/\/api.w.org\/{rel}","templated":true}]}}