{"id":1359,"date":"2023-06-28T08:50:12","date_gmt":"2023-06-28T08:50:12","guid":{"rendered":"https:\/\/epsis.com\/?page_id=1359"},"modified":"2023-07-03T11:07:20","modified_gmt":"2023-07-03T11:07:20","slug":"forbedring-av-effektivitet-og-beslutningstaking-viktige-aspekter-ved-et-virtuelt-operasjonssenter-voc","status":"publish","type":"page","link":"https:\/\/epsis.com\/no\/solutions\/virtual-operation-center-solution\/enhancing-efficiency-and-decision-making-key-aspects-of-a-virtual-operation-center-voc\/","title":{"rendered":"Forbedring av effektivitet og beslutningstaking: Viktige aspekter ved et virtuelt operasjonssenter (VOC)"},"content":{"rendered":"<div class=\"wpb-content-wrapper\"><div data-vc-full-width=\"true\" data-vc-full-width-temp=\"true\" data-vc-full-width-init=\"false\" class=\"vc_row wpb_row vc_row-fluid vc_custom_1568373890278\"><div class=\"wpb_column vc_column_container vc_col-sm-12\"><div class=\"vc_column-inner\"><div class=\"wpb_wrapper\">\n\t<div class=\"wpb_text_column wpb_content_element\" >\n\t\t<div class=\"wpb_wrapper\">\n\t\t\t<div class=\"breadcrumb\" itemprop=\"breadcrumb\"><span><span><a href=\"https:\/\/epsis.com\/no\/\">Epsis<\/a><\/span><\/span><\/div>\n\n\t\t<\/div>\n\t<\/div>\n<\/div><\/div><\/div><\/div><div class=\"vc_row-full-width vc_clearfix\"><\/div><div data-vc-full-width=\"true\" data-vc-full-width-temp=\"true\" data-vc-full-width-init=\"false\" class=\"vc_row wpb_row vc_row-fluid vc_custom_1648632092723\"><div class=\"wpb_animate_when_almost_visible wpb_fadeIn fadeIn wpb_column vc_column_container vc_col-sm-12\"><div class=\"vc_column-inner vc_custom_1656496620737\"><div class=\"wpb_wrapper\">\n\t<div class=\"wpb_text_column wpb_content_element vc_custom_1687940603762 introtekst\" >\n\t\t<div class=\"wpb_wrapper\">\n\t\t\t<h3>Forbedring av effektivitet og beslutningstaking<\/h3>\n<h1>Viktige aspekter ved et virtuelt operasjonssenter (VOC)<\/h1>\n\n\t\t<\/div>\n\t<\/div>\n<\/div><\/div><\/div><\/div><div class=\"vc_row-full-width vc_clearfix\"><\/div><div class=\"vc_row wpb_row vc_row-fluid wpb_animate_when_almost_visible wpb_fadeIn fadeIn vc_custom_1687941443274 vc_row-has-fill vc_row-o-equal-height vc_row-o-content-top vc_row-flex\"><div class=\"wpb_animate_when_almost_visible wpb_fadeIn fadeIn wpb_column vc_column_container vc_col-sm-8 vc_col-has-fill\"><div class=\"vc_column-inner vc_custom_1687941450198\"><div class=\"wpb_wrapper\">\n\t<div class=\"wpb_text_column wpb_content_element vc_custom_1687941396413\" >\n\t\t<div class=\"wpb_wrapper\">\n\t\t\t<p>Arbeid i et virtuelt operasjonssenter (VOC) innen olje- og energibransjen krever spesifikke <strong>roller<\/strong>, komplekse <strong>prosesser<\/strong>, og en rekke andre <strong>funksjoner<\/strong>. Ved \u00e5 finne riktig informasjon til rett tid kan operat\u00f8rer oppn\u00e5 kollektiv bevissthet og ta informerte beslutninger. La oss utforske noen viktige roller, prosesser og funksjoner som bidrar til effektiviteten til et VOC.<\/p>\n\n\t\t<\/div>\n\t<\/div>\n<\/div><\/div><\/div><div class=\"wpb_animate_when_almost_visible wpb_fadeIn fadeIn wpb_column vc_column_container vc_col-sm-4 vc_col-has-fill\"><div class=\"vc_column-inner vc_custom_1688020239272\"><div class=\"wpb_wrapper\"><\/div><\/div><\/div><\/div><div class=\"vc_row wpb_row vc_row-fluid\"><div class=\"wpb_column vc_column_container vc_col-sm-12\"><div class=\"vc_column-inner\"><div class=\"wpb_wrapper\">\n\t<div class=\"wpb_text_column wpb_content_element vc_custom_1688382438645\" >\n\t\t<div class=\"wpb_wrapper\">\n\t\t\t<p><strong><span class=\"ui-provider fz b c d e f g h i j k l m n o p q r s t u v w x y z ab ac ae af ag ah ai aj ak\" dir=\"ltr\">Her er eksempler p\u00e5 prosesser og funksjoner i n\u00f8kkelroller vi har m\u00f8tt p\u00e5 tvers av ulike kunder:<\/span><\/strong><\/p>\n\n\t\t<\/div>\n\t<\/div>\n<div class=\"vc_tta-container\" data-vc-action=\"collapse\"><div class=\"vc_general vc_tta vc_tta-tabs vc_tta-color-white vc_tta-style-modern vc_tta-shape-square vc_tta-spacing-1 vc_tta-tabs-position-left vc_tta-controls-align-left\"><div class=\"vc_tta-tabs-container\"><ul class=\"vc_tta-tabs-list\" role=\"tablist\"><li class=\"vc_tta-tab vc_active\" data-vc-tab role=\"presentation\"><a href=\"#1687942646178-510bc6f9-9aa9\" data-vc-tabs data-vc-container=\".vc_tta\" role=\"tab\" aria-selected=\"false\" id=\"tab-1687942646178-510bc6f9-9aa9\"><span class=\"vc_tta-title-text\">Rolle<\/span><\/a><\/li><li class=\"vc_tta-tab\" data-vc-tab role=\"presentation\"><a href=\"#1687942646226-54de26d5-9073\" data-vc-tabs data-vc-container=\".vc_tta\" role=\"tab\" aria-selected=\"false\" id=\"tab-1687942646226-54de26d5-9073\"><span class=\"vc_tta-title-text\">Prosessene<\/span><\/a><\/li><li class=\"vc_tta-tab\" data-vc-tab role=\"presentation\"><a href=\"#1687942691751-5c4b6ad3-bbed\" data-vc-tabs data-vc-container=\".vc_tta\" role=\"tab\" aria-selected=\"false\" id=\"tab-1687942691751-5c4b6ad3-bbed\"><span class=\"vc_tta-title-text\">Funksjoner<\/span><\/a><\/li><\/ul><\/div><div class=\"vc_tta-panels-container\"><div class=\"vc_tta-panels\"><div class=\"vc_tta-panel vc_active\" id=\"1687942646178-510bc6f9-9aa9\" data-vc-content=\".vc_tta-panel-body\"><div class=\"vc_tta-panel-heading\"><h4 class=\"vc_tta-panel-title\"><a href=\"#1687942646178-510bc6f9-9aa9\" data-vc-accordion data-vc-container=\".vc_tta-container\"><span class=\"vc_tta-title-text\">Rolle<\/span><\/a><\/h4><\/div><div class=\"vc_tta-panel-body\">\n\t<div class=\"wpb_text_column wpb_content_element section_text\" >\n\t\t<div class=\"wpb_wrapper\">\n\t\t\t<h3><strong>Rolle<\/strong><\/h3>\n<p><strong>Operasjonssjef:<\/strong><\/p>\n<ul>\n<li>Ansvarlig for \u00e5 overv\u00e5ke VOC-operasjoner og sikre problemfri drift.<\/li>\n<li>H\u00e5ndterer datainnsamlings- og integrasjonsprosesser.<\/li>\n<\/ul>\n<p><strong>Emneeksperter:<\/strong><\/p>\n<ul>\n<li>Bidrar med ekspertise innen spesifikke omr\u00e5der som er relevante for VOCs operasjoner.<\/li>\n<li>Bidrar til sanntidsoverv\u00e5king og integrasjon av data.<\/li>\n<\/ul>\n<p><strong>Dataanalytikere:<\/strong><\/p>\n<ul>\n<li>Analyserer innsamlet data for \u00e5 trekke ut innsikter og identifisere trender.<\/li>\n<li>Hjelper til med hendelsesh\u00e5ndtering og bruker varslingssystemer og meldinger.<\/li>\n<\/ul>\n<p><strong>Systemadministratorer:<\/strong><\/p>\n<ul>\n<li>H\u00e5ndterer systemkonfigurasjoner og vedlikeholder varslingssystemer og meldinger.<\/li>\n<li>Spiller en viktig rolle i hendelsesh\u00e5ndtering og systemoppgraderinger.<\/li>\n<\/ul>\n\n\t\t<\/div>\n\t<\/div>\n<\/div><\/div><div class=\"vc_tta-panel\" id=\"1687942646226-54de26d5-9073\" data-vc-content=\".vc_tta-panel-body\"><div class=\"vc_tta-panel-heading\"><h4 class=\"vc_tta-panel-title\"><a href=\"#1687942646226-54de26d5-9073\" data-vc-accordion data-vc-container=\".vc_tta-container\"><span class=\"vc_tta-title-text\">Prosessene<\/span><\/a><\/h4><\/div><div class=\"vc_tta-panel-body\">\n\t<div class=\"wpb_text_column wpb_content_element section_text\" >\n\t\t<div class=\"wpb_wrapper\">\n\t\t\t<h3><strong>Prosessene<\/strong><\/h3>\n<p><strong>Datainnsamling og integrasjon:<\/strong><\/p>\n<ul>\n<li>Samler inn data fra ulike kilder og integrerer det for \u00e5 f\u00e5 en helhetlig oversikt.<\/li>\n<li>Sikrer s\u00f8ml\u00f8s flyt av data til VOC for analyse og beslutningstaking.<\/li>\n<\/ul>\n<p><strong>Sanntidsmonitorering:<\/strong><\/p>\n<ul>\n<li>Kontinuerlig overv\u00e5ker datastr\u00f8mmer, systemer og prosesser i sanntid.<\/li>\n<li>Oppdager avvik, forutser problemer og opprettholder situasjonsbevissthet.<\/li>\n<\/ul>\n<p><strong>Hendelsesh\u00e5ndtering:<\/strong><\/p>\n<ul>\n<li>Identifiserer, prioriterer, sporer og l\u00f8ser hendelser raskt.<\/li>\n<li>Samarbeider med interessenter og emneeksperter for effektiv probleml\u00f8sning.<\/li>\n<\/ul>\n<p><strong>Dataanalyse og innsikter:<\/strong><\/p>\n<ul>\n<li>Analyserer innsamlet data for \u00e5 hente meningsfulle innsikter og identifisere forbedringsomr\u00e5der.<\/li>\n<li>St\u00f8tter beslutningsprosesser med n\u00f8yaktig og handlingsrettet informasjon.<\/li>\n<\/ul>\n\n\t\t<\/div>\n\t<\/div>\n<\/div><\/div><div class=\"vc_tta-panel\" id=\"1687942691751-5c4b6ad3-bbed\" data-vc-content=\".vc_tta-panel-body\"><div class=\"vc_tta-panel-heading\"><h4 class=\"vc_tta-panel-title\"><a href=\"#1687942691751-5c4b6ad3-bbed\" data-vc-accordion data-vc-container=\".vc_tta-container\"><span class=\"vc_tta-title-text\">Funksjoner<\/span><\/a><\/h4><\/div><div class=\"vc_tta-panel-body\">\n\t<div class=\"wpb_text_column wpb_content_element section_text\" >\n\t\t<div class=\"wpb_wrapper\">\n\t\t\t<h3><strong>Funksjoner<\/strong><\/h3>\n<p><strong>Sanntidsmonitorering og varsling:<\/strong><\/p>\n<ul>\n<li>Gir operat\u00f8rer oppdatert informasjon for rask beslutningstaking.<\/li>\n<li>Leverer rettidige varsler og meldinger for kritiske hendelser og unormale forhold.<\/li>\n<\/ul>\n<p><strong>Samhandling og kommunikasjonsverkt\u00f8y:<\/strong><\/p>\n<ul>\n<li>Letter effektiv kommunikasjon og samarbeid mellom VOC-operat\u00f8rer og interessenter.<\/li>\n<li>Muliggj\u00f8r s\u00f8ml\u00f8s deling av informasjon og samarbeidsbasert probleml\u00f8sning.<\/li>\n<\/ul>\n<p><strong>Dataintegrasjon og aggregasjon:<\/strong><\/p>\n<ul>\n<li>Integrerer data fra ulike kilder for \u00e5 f\u00e5 en helhetlig driftsoversikt.<\/li>\n<li>Aggregerer data for analyse, rapportering og ytelsesevaluering.<\/li>\n<\/ul>\n<p><strong>Sikkerhet og tilgangskontroll:<\/strong><\/p>\n<ul>\n<li>Implementerer robuste sikkerhetstiltak for \u00e5 beskytte sensitiv data og systemer.<\/li>\n<li>S\u00f8rger for passende tilgangskontroller for \u00e5 opprettholde dataintegritet og forhindre uautorisert tilgang.<\/li>\n<\/ul>\n<p><strong>Skalerbarhet og fleksibilitet:<\/strong><\/p>\n<ul>\n<li>Tillater VOCs utvidelse og tilpasning til skiftende driftsbehov.<\/li>\n<li>Tilpasser seg endrede krav og integrerer nye systemer s\u00f8ml\u00f8st.<\/li>\n<\/ul>\n\n\t\t<\/div>\n\t<\/div>\n<\/div><\/div><\/div><\/div><\/div><\/div><\/div><\/div><\/div><\/div><div class=\"vc_row wpb_row vc_row-fluid vc_custom_1687943642104 vc_row-o-equal-height vc_row-flex\"><div class=\"wpb_animate_when_almost_visible wpb_fadeIn fadeIn wpb_column vc_column_container vc_col-sm-8 vc_col-has-fill\"><div class=\"vc_column-inner vc_custom_1687938958379\"><div class=\"wpb_wrapper\">\n\t<div class=\"wpb_text_column wpb_content_element\" >\n\t\t<div class=\"wpb_wrapper\">\n\t\t\t<h2>Hvorfor er det viktig?<\/h2>\n<p><strong>\u00c5 finne riktig informasjon til rett tid er avgj\u00f8rende for VOCs suksess. Det muliggj\u00f8r:<\/strong><\/p>\n<ul>\n<li>Beslutningstaking i sanntid: Rask respons p\u00e5 endrede forhold og rask probleml\u00f8sning.<\/li>\n<li>Situasjonsbevissthet: Helhetlig oversikt over operasjoner, proaktiv oppdagelse av avvik og problemer.<\/li>\n<li>Effektivt samarbeid: S\u00f8ml\u00f8s deling av informasjon og samarbeidsbasert probleml\u00f8sning mellom team.<\/li>\n<li>Proaktiv overv\u00e5king og vedlikehold: Tidlig identifisering av ytelsesproblemer og forebyggende tiltak.<\/li>\n<li>Overholdelse av forskrifter: Overv\u00e5king, rapportering og h\u00e5ndtering av krav til overholdelse.<\/li>\n<li>Kontinuerlig forbedring: Beslutningstaking basert p\u00e5 data, forbedring av prosesser og optimaliseringsinitiativer.<\/li>\n<li>For \u00e5 sikre tilgang til riktig informasjon til rett tid b\u00f8r et VOC omfatte robuste funksjoner for dataintegrasjon, sanntidsmonitorering og visualisering. Effektive kommunikasjonskanaler, varslingssystemer og verkt\u00f8y for dataanalyse er ogs\u00e5 essensielle.<\/li>\n<\/ul>\n<p>I VORs benytter Epsis seg av den mye brukte Microsoft Teams-plattformen for forbedret samarbeid, og drar nytte av dens store brukerbase og tverrselskapelige funksjonalitet. Kombinert med Enify, Epsis' eget programvareverkt\u00f8y, f\u00e5r teamene enkel tilgang til applikasjoner, deling av informasjon og effektiv skjermbasert h\u00e5ndtering for forbedret situasjonsbevissthet og produktivitet.<\/p>\n\n\t\t<\/div>\n\t<\/div>\n<\/div><\/div><\/div><div class=\"wpb_column vc_column_container vc_col-sm-4 vc_col-has-fill\"><div class=\"vc_column-inner vc_custom_1687938970602\"><div class=\"wpb_wrapper\"><\/div><\/div><\/div><\/div><div class=\"vc_row wpb_row vc_row-fluid vc_custom_1687943649051 vc_row-has-fill\"><div class=\"wpb_column vc_column_container vc_col-sm-12\"><div class=\"vc_column-inner\"><div class=\"wpb_wrapper\">\n\t<div class=\"wpb_text_column wpb_content_element\" >\n\t\t<div class=\"wpb_wrapper\">\n\t\t\t<p><strong>Ved \u00e5 dra nytte av ekspertisen til ulike roller, implementere effektive prosesser og utnytte relevante funksjoner, kan et VOC gi operat\u00f8rer muligheten til \u00e5 ta informerte beslutninger, forbedre effektiviteten og drive kontinuerlig forbedring innen olje- og energibransjen.<\/strong><\/p>\n\n\t\t<\/div>\n\t<\/div>\n<\/div><\/div><\/div><\/div><div class=\"vc_row wpb_row vc_row-fluid wpb_animate_when_almost_visible wpb_fadeIn fadeIn vc_custom_1656673184112 vc_row-has-fill vc_row-o-equal-height vc_row-o-content-middle vc_row-flex\"><div class=\"wpb_column vc_column_container vc_col-sm-8 vc_col-has-fill\"><div class=\"vc_column-inner vc_custom_1656672851723\"><div class=\"wpb_wrapper\">\n\t<div class=\"wpb_text_column wpb_content_element wpb_animate_when_almost_visible wpb_bottom-to-top bottom-to-top vc_custom_1687938719433 contact-row\" >\n\t\t<div class=\"wpb_wrapper\">\n\t\t\t<h3>Kontakt oss<\/h3>\n<h3>Er du klar for \u00e5 transformere hvordan ditt team samarbeider?<\/h3>\n<p>Ta det f\u00f8rste skrittet mot \u00e5 styrke samarbeidet og bryte ned geografiske barrierer. Kontakt oss i dag for \u00e5 avtale et m\u00f8te og oppdag hvordan l\u00f8sningen virtuelle operasjonssentre kan revolusjonere hvordan teamene dine samarbeider p\u00e5 tvers av team, lokasjon, tidssoner og bedriftsgrenser.<\/p>\n\n\t\t<\/div>\n\t<\/div>\n\n\t<div class=\"wpb_raw_code wpb_raw_html wpb_content_element\" >\n\t\t<div class=\"wpb_wrapper\">\n\t\t\t<script charset=\"utf-8\" type=\"text\/javascript\" src=\"\/\/js.hsforms.net\/forms\/v2.js\"><\/script>\n<script>\n  hbspt.forms.create({\n    region: \"na1\",\n    portalId: \"7418661\",\n    formId: \"557bad4b-b70b-4efb-b0cb-91d840066130\"\n  });\n<\/script>\n\t\t<\/div>\n\t<\/div>\n<\/div><\/div><\/div><div class=\"wpb_animate_when_almost_visible wpb_fadeIn fadeIn wpb_column vc_column_container vc_col-sm-4 vc_col-has-fill\"><div class=\"vc_column-inner vc_custom_1656924197884\"><div class=\"wpb_wrapper\">\n\t<div  class=\"wpb_single_image wpb_content_element vc_align_left wpb_content_element wpb_animate_when_almost_visible wpb_right-to-left right-to-left\">\n\t\t\n\t\t<figure class=\"wpb_wrapper vc_figure\">\n\t\t\t<div class=\"vc_single_image-wrapper vc_box_circle  vc_box_border_grey\"><img decoding=\"async\" class=\"vc_single_image-img\" src=\"https:\/\/epsis.com\/wp-content\/uploads\/2022\/01\/JEN-1-800x800.png\" width=\"800\" height=\"800\" alt=\"Jan Erik Nordtvedt\" title=\"JEN\" loading=\"lazy\" \/><\/div>\n\t\t<\/figure>\n\t<\/div>\n<\/div><\/div><\/div><\/div>\n<\/div>","protected":false},"excerpt":{"rendered":"Epsis Enhancing Efficiency and Decision-Making Key Aspects of a Virtual Operation Center (VOC) Working in a Virtual Operation Center (VOC) within the oil and energy industry requires specific roles, complex processes, and a range of features. By finding the right information at the right time, operators can gain collective awareness and make informed decisions. Let's [...]","protected":false},"author":2,"featured_media":0,"parent":1357,"menu_order":0,"comment_status":"closed","ping_status":"closed","template":"","meta":{"content-type":"","_genesis_hide_title":false,"_genesis_hide_breadcrumbs":false,"_genesis_hide_singular_image":false,"_genesis_hide_footer_widgets":false,"_genesis_custom_body_class":"","_genesis_custom_post_class":"","_genesis_layout":"","_vp_format_video_url":"","_vp_image_focal_point":[],"footnotes":""},"class_list":{"0":"post-1359","1":"page","2":"type-page","3":"status-publish","5":"entry"},"yoast_head":"<!-- This site is optimized with the Yoast SEO plugin v27.5 - https:\/\/yoast.com\/product\/yoast-seo-wordpress\/ -->\n<title>Enhancing Efficiency and Decision-Making: Key Aspects of a Virtual Operation Center (VOC) - Epsis<\/title>\n<meta name=\"robots\" content=\"index, follow, max-snippet:-1, max-image-preview:large, max-video-preview:-1\" \/>\n<link rel=\"canonical\" href=\"https:\/\/epsis.com\/no\/losninger\/losning-for-virtuelt-driftssenter\/forbedring-av-effektivitet-og-beslutningstaking-viktige-aspekter-ved-et-virtuelt-operasjonssenter-voc\/\" \/>\n<meta property=\"og:locale\" content=\"nb_NO\" \/>\n<meta property=\"og:type\" content=\"article\" \/>\n<meta property=\"og:title\" content=\"Enhancing Efficiency and Decision-Making: Key Aspects of a Virtual Operation Center (VOC) - Epsis\" \/>\n<meta property=\"og:url\" content=\"https:\/\/epsis.com\/no\/losninger\/losning-for-virtuelt-driftssenter\/forbedring-av-effektivitet-og-beslutningstaking-viktige-aspekter-ved-et-virtuelt-operasjonssenter-voc\/\" \/>\n<meta property=\"og:site_name\" content=\"Epsis\" \/>\n<meta property=\"article:publisher\" content=\"https:\/\/www.facebook.com\/EpsisAs\" \/>\n<meta property=\"article:modified_time\" content=\"2023-07-03T11:07:20+00:00\" \/>\n<meta property=\"og:image\" content=\"https:\/\/epsis.com\/wp-content\/uploads\/2025\/09\/collab_w_enify.webp\" \/>\n\t<meta property=\"og:image:width\" content=\"1320\" \/>\n\t<meta property=\"og:image:height\" content=\"880\" \/>\n\t<meta property=\"og:image:type\" content=\"image\/webp\" \/>\n<meta name=\"twitter:card\" content=\"summary_large_image\" \/>\n<meta name=\"twitter:label1\" content=\"Ansl. lesetid\" \/>\n\t<meta name=\"twitter:data1\" content=\"4 minutter\" \/>\n<script type=\"application\/ld+json\" class=\"yoast-schema-graph\">{\"@context\":\"https:\\\/\\\/schema.org\",\"@graph\":[{\"@type\":\"WebPage\",\"@id\":\"https:\\\/\\\/epsis.com\\\/solutions\\\/virtual-operation-center-solution\\\/enhancing-efficiency-and-decision-making-key-aspects-of-a-virtual-operation-center-voc\\\/\",\"url\":\"https:\\\/\\\/epsis.com\\\/solutions\\\/virtual-operation-center-solution\\\/enhancing-efficiency-and-decision-making-key-aspects-of-a-virtual-operation-center-voc\\\/\",\"name\":\"Enhancing Efficiency and Decision-Making: Key Aspects of a Virtual Operation Center (VOC) - Epsis\",\"isPartOf\":{\"@id\":\"https:\\\/\\\/epsis.com\\\/#website\"},\"datePublished\":\"2023-06-28T08:50:12+00:00\",\"dateModified\":\"2023-07-03T11:07:20+00:00\",\"breadcrumb\":{\"@id\":\"https:\\\/\\\/epsis.com\\\/solutions\\\/virtual-operation-center-solution\\\/enhancing-efficiency-and-decision-making-key-aspects-of-a-virtual-operation-center-voc\\\/#breadcrumb\"},\"inLanguage\":\"nb-NO\",\"potentialAction\":[{\"@type\":\"ReadAction\",\"target\":[\"https:\\\/\\\/epsis.com\\\/solutions\\\/virtual-operation-center-solution\\\/enhancing-efficiency-and-decision-making-key-aspects-of-a-virtual-operation-center-voc\\\/\"]}]},{\"@type\":\"BreadcrumbList\",\"@id\":\"https:\\\/\\\/epsis.com\\\/solutions\\\/virtual-operation-center-solution\\\/enhancing-efficiency-and-decision-making-key-aspects-of-a-virtual-operation-center-voc\\\/#breadcrumb\",\"itemListElement\":[{\"@type\":\"ListItem\",\"position\":1,\"name\":\"Epsis\",\"item\":\"https:\\\/\\\/epsis.com\\\/\"},{\"@type\":\"ListItem\",\"position\":2,\"name\":\"Solutions\",\"item\":\"https:\\\/\\\/epsis.com\\\/solutions\\\/\"},{\"@type\":\"ListItem\",\"position\":3,\"name\":\"Virtual Operation Center solution\",\"item\":\"https:\\\/\\\/epsis.com\\\/solutions\\\/virtual-operation-center-solution\\\/\"},{\"@type\":\"ListItem\",\"position\":4,\"name\":\"Enhancing Efficiency and Decision-Making: Key Aspects of a Virtual Operation Center (VOC)\"}]},{\"@type\":\"WebSite\",\"@id\":\"https:\\\/\\\/epsis.com\\\/#website\",\"url\":\"https:\\\/\\\/epsis.com\\\/\",\"name\":\"Epsis\",\"description\":\"We care about tomorrows work\",\"publisher\":{\"@id\":\"https:\\\/\\\/epsis.com\\\/#organization\"},\"potentialAction\":[{\"@type\":\"SearchAction\",\"target\":{\"@type\":\"EntryPoint\",\"urlTemplate\":\"https:\\\/\\\/epsis.com\\\/?s={search_term_string}\"},\"query-input\":{\"@type\":\"PropertyValueSpecification\",\"valueRequired\":true,\"valueName\":\"search_term_string\"}}],\"inLanguage\":\"nb-NO\"},{\"@type\":\"Organization\",\"@id\":\"https:\\\/\\\/epsis.com\\\/#organization\",\"name\":\"Epsis\",\"url\":\"https:\\\/\\\/epsis.com\\\/\",\"logo\":{\"@type\":\"ImageObject\",\"inLanguage\":\"nb-NO\",\"@id\":\"https:\\\/\\\/epsis.com\\\/#\\\/schema\\\/logo\\\/image\\\/\",\"url\":\"https:\\\/\\\/epsis.com\\\/wp-content\\\/uploads\\\/2021\\\/09\\\/cropped-Epsis-blk.png\",\"contentUrl\":\"https:\\\/\\\/epsis.com\\\/wp-content\\\/uploads\\\/2021\\\/09\\\/cropped-Epsis-blk.png\",\"width\":400,\"height\":155,\"caption\":\"Epsis\"},\"image\":{\"@id\":\"https:\\\/\\\/epsis.com\\\/#\\\/schema\\\/logo\\\/image\\\/\"},\"sameAs\":[\"https:\\\/\\\/www.facebook.com\\\/EpsisAs\",\"https:\\\/\\\/www.instagram.com\\\/epsisofficial\\\/\",\"https:\\\/\\\/www.linkedin.com\\\/company\\\/epsis\\\/\"]}]}<\/script>\n<!-- \/ Yoast SEO plugin. -->","yoast_head_json":{"title":"Forbedring av effektivitet og beslutningstaking: Viktige aspekter ved et virtuelt operasjonssenter (VOC)","robots":{"index":"index","follow":"follow","max-snippet":"max-snippet:-1","max-image-preview":"max-image-preview:large","max-video-preview":"max-video-preview:-1"},"canonical":"https:\/\/epsis.com\/no\/losninger\/losning-for-virtuelt-driftssenter\/forbedring-av-effektivitet-og-beslutningstaking-viktige-aspekter-ved-et-virtuelt-operasjonssenter-voc\/","og_locale":"nb_NO","og_type":"article","og_title":"Enhancing Efficiency and Decision-Making: Key Aspects of a Virtual Operation Center (VOC) - Epsis","og_url":"https:\/\/epsis.com\/no\/losninger\/losning-for-virtuelt-driftssenter\/forbedring-av-effektivitet-og-beslutningstaking-viktige-aspekter-ved-et-virtuelt-operasjonssenter-voc\/","og_site_name":"Epsis","article_publisher":"https:\/\/www.facebook.com\/EpsisAs","article_modified_time":"2023-07-03T11:07:20+00:00","og_image":[{"width":1320,"height":880,"url":"https:\/\/epsis.com\/wp-content\/uploads\/2025\/09\/collab_w_enify.webp","type":"image\/webp"}],"twitter_card":"summary_large_image","twitter_misc":{"Ansl. lesetid":"4 minutter"},"schema":{"@context":"https:\/\/schema.org","@graph":[{"@type":"WebPage","@id":"https:\/\/epsis.com\/solutions\/virtual-operation-center-solution\/enhancing-efficiency-and-decision-making-key-aspects-of-a-virtual-operation-center-voc\/","url":"https:\/\/epsis.com\/solutions\/virtual-operation-center-solution\/enhancing-efficiency-and-decision-making-key-aspects-of-a-virtual-operation-center-voc\/","name":"Forbedring av effektivitet og beslutningstaking: Viktige aspekter ved et virtuelt operasjonssenter (VOC)","isPartOf":{"@id":"https:\/\/epsis.com\/#website"},"datePublished":"2023-06-28T08:50:12+00:00","dateModified":"2023-07-03T11:07:20+00:00","breadcrumb":{"@id":"https:\/\/epsis.com\/solutions\/virtual-operation-center-solution\/enhancing-efficiency-and-decision-making-key-aspects-of-a-virtual-operation-center-voc\/#breadcrumb"},"inLanguage":"nb-NO","potentialAction":[{"@type":"ReadAction","target":["https:\/\/epsis.com\/solutions\/virtual-operation-center-solution\/enhancing-efficiency-and-decision-making-key-aspects-of-a-virtual-operation-center-voc\/"]}]},{"@type":"BreadcrumbList","@id":"https:\/\/epsis.com\/solutions\/virtual-operation-center-solution\/enhancing-efficiency-and-decision-making-key-aspects-of-a-virtual-operation-center-voc\/#breadcrumb","itemListElement":[{"@type":"ListItem","position":1,"name":"Epsis","item":"https:\/\/epsis.com\/"},{"@type":"ListItem","position":2,"name":"Solutions","item":"https:\/\/epsis.com\/solutions\/"},{"@type":"ListItem","position":3,"name":"Virtual Operation Center solution","item":"https:\/\/epsis.com\/solutions\/virtual-operation-center-solution\/"},{"@type":"ListItem","position":4,"name":"Enhancing Efficiency and Decision-Making: Key Aspects of a Virtual Operation Center (VOC)"}]},{"@type":"WebSite","@id":"https:\/\/epsis.com\/#website","url":"https:\/\/epsis.com\/","name":"Epsis","description":"Vi brenner for morgendagens arbeid","publisher":{"@id":"https:\/\/epsis.com\/#organization"},"potentialAction":[{"@type":"SearchAction","target":{"@type":"EntryPoint","urlTemplate":"https:\/\/epsis.com\/?s={search_term_string}"},"query-input":{"@type":"PropertyValueSpecification","valueRequired":true,"valueName":"search_term_string"}}],"inLanguage":"nb-NO"},{"@type":"Organization","@id":"https:\/\/epsis.com\/#organization","name":"Epsis","url":"https:\/\/epsis.com\/","logo":{"@type":"ImageObject","inLanguage":"nb-NO","@id":"https:\/\/epsis.com\/#\/schema\/logo\/image\/","url":"https:\/\/epsis.com\/wp-content\/uploads\/2021\/09\/cropped-Epsis-blk.png","contentUrl":"https:\/\/epsis.com\/wp-content\/uploads\/2021\/09\/cropped-Epsis-blk.png","width":400,"height":155,"caption":"Epsis"},"image":{"@id":"https:\/\/epsis.com\/#\/schema\/logo\/image\/"},"sameAs":["https:\/\/www.facebook.com\/EpsisAs","https:\/\/www.instagram.com\/epsisofficial\/","https:\/\/www.linkedin.com\/company\/epsis\/"]}]}},"_links":{"self":[{"href":"https:\/\/epsis.com\/no\/wp-json\/wp\/v2\/pages\/1359","targetHints":{"allow":["GET"]}}],"collection":[{"href":"https:\/\/epsis.com\/no\/wp-json\/wp\/v2\/pages"}],"about":[{"href":"https:\/\/epsis.com\/no\/wp-json\/wp\/v2\/types\/page"}],"author":[{"embeddable":true,"href":"https:\/\/epsis.com\/no\/wp-json\/wp\/v2\/users\/2"}],"replies":[{"embeddable":true,"href":"https:\/\/epsis.com\/no\/wp-json\/wp\/v2\/comments?post=1359"}],"version-history":[{"count":0,"href":"https:\/\/epsis.com\/no\/wp-json\/wp\/v2\/pages\/1359\/revisions"}],"up":[{"embeddable":true,"href":"https:\/\/epsis.com\/no\/wp-json\/wp\/v2\/pages\/1357"}],"wp:attachment":[{"href":"https:\/\/epsis.com\/no\/wp-json\/wp\/v2\/media?parent=1359"}],"curies":[{"name":"wp","href":"https:\/\/api.w.org\/{rel}","templated":true}]}}