{"id":950,"date":"2022-03-29T12:31:12","date_gmt":"2022-03-29T12:31:12","guid":{"rendered":"https:\/\/epsis.com\/?page_id=950"},"modified":"2025-09-16T08:07:45","modified_gmt":"2025-09-16T08:07:45","slug":"investor","status":"publish","type":"page","link":"https:\/\/epsis.com\/no\/investor\/","title":{"rendered":"Investor"},"content":{"rendered":"<div class=\"wpb-content-wrapper\"><div data-vc-full-width=\"true\" data-vc-full-width-temp=\"true\" data-vc-full-width-init=\"false\" class=\"vc_row wpb_row vc_row-fluid vc_custom_1648632092723\"><div class=\"wpb_animate_when_almost_visible wpb_fadeIn fadeIn wpb_column vc_column_container vc_col-sm-6\"><div class=\"vc_column-inner vc_custom_1656496620737\"><div class=\"wpb_wrapper\">\n\t<div class=\"wpb_text_column wpb_content_element vc_custom_1657176643466 introtekst\" >\n\t\t<div class=\"wpb_wrapper\">\n\t\t\t<h3>Investor<\/h3>\n<h1>Investor relasjon<\/h1>\n<h4>Her finner du relevant informasjon for investorer og kommende investeringsmuligheter i Epsis.<\/h4>\n\n\t\t<\/div>\n\t<\/div>\n<\/div><\/div><\/div><div class=\"wpb_column vc_column_container vc_col-sm-6\"><div class=\"vc_column-inner\"><div class=\"wpb_wrapper\"><\/div><\/div><\/div><\/div><div class=\"vc_row-full-width vc_clearfix\"><\/div><div class=\"vc_row wpb_row vc_row-fluid wpb_animate_when_almost_visible wpb_fadeIn fadeIn vc_custom_1758009847064 vc_row-o-equal-height vc_row-o-content-top vc_row-flex\"><div class=\"wpb_animate_when_almost_visible wpb_fadeIn fadeIn wpb_column vc_column_container vc_col-sm-8\"><div class=\"vc_column-inner vc_custom_1758010022258\"><div class=\"wpb_wrapper\">\n\t<div class=\"wpb_text_column wpb_content_element vc_custom_1681457279568\" >\n\t\t<div class=\"wpb_wrapper\">\n\t\t\t<h3>Investeringsmuligheter i Epsis<\/h3>\n<p>Epsis er et privat selskap med 56 aksjon\u00e6rer, inkludert ansatte. Og med en av gr\u00fcnderne, Jan-Erik Nordtvedt i jobb som administrerende direkt\u00f8r. Historisk har selskapet ikke s\u00f8kt eksterne investeringer, foretrukket \u00e5 vokse organisk eller hente inn kapital fra eksisterende aksjon\u00e6rer. I l\u00f8pet av de siste \u00e5rene har selskapet v\u00e5rt gjort en betydelig endringsreise, og g\u00e5tt fra et f\u00f8rstekonsulentselskap til et teknologiselskap.<\/p>\n\n\t\t<\/div>\n\t<\/div>\n\n\t<div class=\"wpb_text_column wpb_content_element button-epsis\" >\n\t\t<div class=\"wpb_wrapper\">\n\t\t\t<h3>Eierstyring<\/h3>\n<p>Epsis s\u00f8ker \u00e5 skape vedvarende aksjon\u00e6rverdier og viser tilb\u00f8rlig respekt for selskapets ulike interessenter. Disse inkluderer aksjon\u00e6rer, ansatte, forretningspartnere, samfunnet generelt og myndigheter.<\/p>\n<p><a href=\"https:\/\/epsis.com\/no\/investor\/eierstyring-og-selskapsledelse\/\">Les mer<\/a><\/p>\n\n\t\t<\/div>\n\t<\/div>\n<\/div><\/div><\/div><div class=\"on-dark wpb_animate_when_almost_visible wpb_fadeIn fadeIn wpb_column vc_column_container vc_col-sm-4 vc_col-has-fill\"><div class=\"vc_column-inner vc_custom_1758009928636\"><div class=\"wpb_wrapper\">\n\t<div class=\"wpb_text_column wpb_content_element button-epsis\" >\n\t\t<div class=\"wpb_wrapper\">\n\t\t\t<h3>Hvorfor investere i Epsis-teknologi<\/h3>\n<p>Epsis \u00f8nsker \u00e5 gi tilbake kontrollen til de operasjonelle teamene. Med Enify, en softwarebasert l\u00f8sning som kobler apper, kilder og skjermer i arbeidsflyter. Systemet er bygget for folk, ikke rom.<\/p>\n<p><a href=\"https:\/\/epsis.com\/no\/why-invest-in-epsis-technology\/\">Les mer<\/a><\/p>\n\n\t\t<\/div>\n\t<\/div>\n<\/div><\/div><\/div><\/div><div class=\"vc_row wpb_row vc_row-fluid vc_custom_1758010056836 vc_row-has-fill vc_row-o-equal-height vc_row-flex\"><div class=\"wpb_column vc_column_container vc_col-sm-6 vc_col-has-fill\"><div class=\"vc_column-inner vc_custom_1757578579348\"><div class=\"wpb_wrapper\"><\/div><\/div><\/div><div class=\"wpb_animate_when_almost_visible wpb_bottom-to-top bottom-to-top wpb_column vc_column_container vc_col-sm-6 vc_col-has-fill\"><div class=\"vc_column-inner vc_custom_1758010064135\"><div class=\"wpb_wrapper\">\n\t<div class=\"wpb_text_column wpb_content_element button-epsis\" >\n\t\t<div class=\"wpb_wrapper\">\n\t\t\t<p><strong>Vi er p\u00e5 vei inn i v\u00e5r neste vekstfase og er for tiden i dialog med en utvalgt gruppe investorer.<\/strong><\/p>\n<p data-start=\"280\" data-end=\"377\">Hvis du \u00f8nsker \u00e5 investere i et selskap som hjelper operative team med \u00e5 jobbe smartere - ved hjelp av velpr\u00f8vd teknologi og solid metodikk, vil vi gjerne h\u00f8re fra deg.<\/p>\n\n\t\t<\/div>\n\t<\/div>\n<div class=\"vc_separator wpb_content_element vc_separator_align_center vc_sep_width_100 vc_sep_pos_align_center vc_separator_no_text vc_sep_color_black vc_custom_1757578894745 wpb_content_element  vc_custom_1757578894745 wpb_content_element\" ><span class=\"vc_sep_holder vc_sep_holder_l\"><span class=\"vc_sep_line\"><\/span><\/span><span class=\"vc_sep_holder vc_sep_holder_r\"><span class=\"vc_sep_line\"><\/span><\/span>\n<\/div>\n\t<div class=\"wpb_raw_code wpb_raw_html wpb_content_element\" >\n\t\t<div class=\"wpb_wrapper\">\n\t\t\t<script charset=\"utf-8\" type=\"text\/javascript\" src=\"\/\/js.hsforms.net\/forms\/embed\/v2.js\"><\/script>\r\n<script>\r\n  hbspt.forms.create({\r\n    portalId: \"7418661\",\r\n    formId: \"bfadc98f-ad49-4a36-8daa-68013f165454\",\r\n    region: \"na1\"\r\n  });\r\n<\/script>\n\t\t<\/div>\n\t<\/div>\n<\/div><\/div><\/div><\/div><div class=\"vc_row wpb_row vc_row-fluid vc_custom_1656496677355\"><div class=\"wpb_animate_when_almost_visible wpb_fadeIn fadeIn wpb_column vc_column_container vc_col-sm-12\"><div class=\"vc_column-inner\"><div class=\"wpb_wrapper\">\n\t<div class=\"wpb_text_column wpb_content_element\" >\n\t\t<div class=\"wpb_wrapper\">\n\t\t\t<h3>Investorkontakter<\/h3>\n\n\t\t<\/div>\n\t<\/div>\n<div class=\"vc_separator wpb_content_element vc_separator_align_center vc_sep_width_100 vc_sep_border_width_2 vc_sep_pos_align_left vc_separator_no_text vc_sep_color_grey vc_custom_1648799086927 wpb_content_element  vc_custom_1648799086927 wpb_content_element\" ><span class=\"vc_sep_holder vc_sep_holder_l\"><span class=\"vc_sep_line\"><\/span><\/span><span class=\"vc_sep_holder vc_sep_holder_r\"><span class=\"vc_sep_line\"><\/span><\/span>\n<\/div>\n\t<div class=\"wpb_text_column wpb_content_element\" >\n\t\t<div class=\"wpb_wrapper\">\n\t\t\t\n<div class=\"vp-portfolio vp-uid-f3daca46 vp-id-974\"\n\tdata-vp-layout=\"grid\" data-vp-content-source=\"post-based\" data-vp-items-style=\"default\" data-vp-items-click-action=\"url\" data-vp-items-gap=\"15\" data-vp-items-gap-vertical=\"\" data-vp-pagination=\"load-more\" data-vp-next-page-url=\"\" data-vp-grid-columns=\"3\" >\n\t<div class=\"vp-portfolio__preloader-wrap\">\n\t\t<div class=\"vp-portfolio__preloader\">\n\t\t\t<img decoding=\"async\" loading=\"eager\" src=\"https:\/\/epsis.com\/wp-content\/plugins\/visual-portfolio\/assets\/images\/logo-dark.svg\" alt=\"Visuell portef\u00f8lje, innlegg og bildegalleri for WordPress\" width=\"20\" height=\"20\" data-skip-lazy>\n\t\t<\/div>\n\t<\/div>\n\t\t<div class=\"vp-portfolio__items-wrap\">\n\t\t\t\n<div class=\"vp-portfolio__items vp-portfolio__items-style-default vp-portfolio__items-show-overlay-hover\">\n\n\t\t<article\t\tclass=\"vp-portfolio__item-wrap post-847 post type-post status-publish format-standard has-post-thumbnail category-president-chief-executive-officer category-voc tag-investor-contacts tag-management entry vp-portfolio__item-uid-4edfdea6\" data-vp-filter=\"president-chief-executive-officer,voc\" \t\t>\n\t\t\t\t\t\t\t\t\t<figure class=\"vp-portfolio__item\">\n\t\t\t\t\n<div class=\"vp-portfolio__item-img-wrap\">\n\t<div class=\"vp-portfolio__item-img\">\n\t\t\t<a\n\t\thref=\"https:\/\/epsis.com\/no\/jan-erik-nordtvedt\/\"\n\t\taria-label=\"Jan-Erik Nordtvedt\" \t>\n\t\n\t\t<noscript><img loading=\"lazy\" decoding=\"async\" width=\"500\" height=\"333\" data-skip-lazy src=\"https:\/\/epsis.com\/wp-content\/uploads\/2022\/11\/JEN-1-500x333-1.webp\" class=\"wp-image-1225\" alt=\"\" srcset=\"https:\/\/epsis.com\/wp-content\/uploads\/2022\/11\/JEN-1-500x333-1.webp 500w, https:\/\/epsis.com\/wp-content\/uploads\/2022\/11\/JEN-1-500x333-1-300x200.webp 300w, https:\/\/epsis.com\/wp-content\/uploads\/2022\/11\/JEN-1-500x333-1-18x12.webp 18w\" sizes=\"auto, (max-width: 500px) 100vw, 500px\" \/><\/noscript><img fetchpriority=\"high\" decoding=\"async\" width=\"500\" height=\"333\" src=\"https:\/\/epsis.com\/wp-content\/uploads\/2022\/11\/JEN-1-500x333-1.webp\" class=\"wp-image-1225 vp-lazyload\" alt srcset=\"data:image\/svg+xml;base64,PHN2ZyB3aWR0aD0iNTAwIiBoZWlnaHQ9IjMzMyIgdmlld0JveD0iMCAwIDUwMCAzMzMiIGZpbGw9Im5vbmUiIHhtbG5zPSJodHRwOi8vd3d3LnczLm9yZy8yMDAwL3N2ZyI+PC9zdmc+\" data-src=\"https:\/\/epsis.com\/wp-content\/uploads\/2022\/11\/JEN-1-500x333-1.webp\" data-srcset=\"https:\/\/epsis.com\/wp-content\/uploads\/2022\/11\/JEN-1-500x333-1.webp 500w, https:\/\/epsis.com\/wp-content\/uploads\/2022\/11\/JEN-1-500x333-1-300x200.webp 300w, https:\/\/epsis.com\/wp-content\/uploads\/2022\/11\/JEN-1-500x333-1-18x12.webp 18w\" data-sizes=\"auto\" loading=\"eager\">\n\t\t<div class=\"vp-portfolio__item-overlay\">\n\t\t\t\t\t<\/div>\n\n\t\t<\/a>\t<\/div>\n<\/div>\n\n\t<figcaption class=\"vp-portfolio__item-caption vp-portfolio__item-caption-text-align-left\">\n\t\t<div class=\"vp-portfolio__item-meta\">\n\t\t\t\n\n<div class=\"vp-portfolio__item-meta-categories\">\n\t\t\t<div class=\"vp-portfolio__item-meta-category\">\n\t\t\t\t<a\n\t\thref=\"https:\/\/epsis.com\/no\/wp-json\/wp\/v2\/pages\/950?vp_filter=category%3Apresident-chief-executive-officer\"\n\t\t\t>\n\tAdministrerende direkt\u00f8r<\/a>\t\t<\/div>\n\t\t<\/div>\n\n\n<h2 class=\"vp-portfolio__item-meta-title\">\n\t\t<a\n\t\thref=\"https:\/\/epsis.com\/no\/jan-erik-nordtvedt\/\"\n\t\t\t>\n\tJan-Erik Nordtvedt<\/a><\/h2>\n\t\t<\/div>\n\t<\/figcaption>\n\t\t\t<\/figure>\n\t\t\t\t\t<\/article>\n\t\t\n<\/div>\n\t\t<\/div>\n\t\t\t\t<div class=\"vp-portfolio__layout-elements vp-portfolio__layout-elements-bottom vp-portfolio__layout-elements-align-center\">\n\t\t\t\t<div class=\"vp-portfolio__pagination-wrap\">\n\t\t\n<div class=\"vp-pagination vp-pagination__no-more vp-pagination__style-minimal\" data-vp-pagination-type=\"load-more\">\n\t<div class=\"vp-pagination__item\">\n\t\t<a class=\"vp-pagination__load-more\" href=\"\">\n\t\t\t<span>Last mer<\/span>\n\t\t\t<span class=\"vp-pagination__load-more-loading\"><span class=\"vp-spinner\"><\/span><span class=\"vp-screen-reader-text\"> Laster flere...<\/span><\/span>\n\t\t\t<span class=\"vp-pagination__load-more-no-more\">Du har n\u00e5dd slutten av listen<\/span>\n\t\t<\/a>\n\t<\/div>\n<\/div>\n\t\t<\/div>\n\t\t\t\t<\/div>\n\t\t\n<\/div>\n\n\n\t\t<\/div>\n\t<\/div>\n<\/div><\/div><\/div><\/div>\n<\/div>","protected":false},"excerpt":{"rendered":"Epsis Jan-Erik Nordtvedt President &amp; Chief Executive Officer Bergen Contact information Phone:\u00a0+47 971 76 720 E-mail:\u00a0jen@epsis.com Meet Jan-Erik Nordtvedt, a successful CEO and President based in Bergen, Norway. With years of experience in the oil and gas industry, Jan-Erik is an expert in using technology to drive growth and profitability. He specializes in bringing together [...]","protected":false},"author":2,"featured_media":0,"parent":0,"menu_order":0,"comment_status":"closed","ping_status":"closed","template":"","meta":{"content-type":"","_genesis_hide_title":false,"_genesis_hide_breadcrumbs":false,"_genesis_hide_singular_image":false,"_genesis_hide_footer_widgets":false,"_genesis_custom_body_class":"","_genesis_custom_post_class":"","_genesis_layout":"","_vp_format_video_url":"","_vp_image_focal_point":[],"footnotes":""},"class_list":{"0":"post-950","1":"page","2":"type-page","3":"status-publish","5":"entry"},"yoast_head":"<!-- This site is optimized with the Yoast SEO plugin v27.4 - https:\/\/yoast.com\/product\/yoast-seo-wordpress\/ -->\n<title>Investor - Epsis<\/title>\n<meta name=\"description\" content=\"Investor Relations - Here you will find relevant information for investors and upcoming investment opportunities in Epsis.\" \/>\n<meta name=\"robots\" content=\"index, follow, max-snippet:-1, max-image-preview:large, max-video-preview:-1\" \/>\n<link rel=\"canonical\" href=\"https:\/\/epsis.com\/no\/investor\/\" \/>\n<meta property=\"og:locale\" content=\"nb_NO\" \/>\n<meta property=\"og:type\" content=\"article\" \/>\n<meta property=\"og:title\" content=\"Investor - Epsis\" \/>\n<meta property=\"og:description\" content=\"Investor Relations - Here you will find relevant information for investors and upcoming investment opportunities in Epsis.\" \/>\n<meta property=\"og:url\" content=\"https:\/\/epsis.com\/no\/investor\/\" \/>\n<meta property=\"og:site_name\" content=\"Epsis\" \/>\n<meta property=\"article:publisher\" content=\"https:\/\/www.facebook.com\/EpsisAs\" \/>\n<meta property=\"article:modified_time\" content=\"2025-09-16T08:07:45+00:00\" \/>\n<meta property=\"og:image\" content=\"https:\/\/epsis.com\/wp-content\/uploads\/2022\/02\/ioc-webinar.png\" \/>\n\t<meta property=\"og:image:width\" content=\"1200\" \/>\n\t<meta property=\"og:image:height\" content=\"800\" \/>\n\t<meta property=\"og:image:type\" content=\"image\/png\" \/>\n<meta name=\"twitter:card\" content=\"summary_large_image\" \/>\n<meta name=\"twitter:label1\" content=\"Ansl. lesetid\" \/>\n\t<meta name=\"twitter:data1\" content=\"2 minutter\" \/>\n<script type=\"application\/ld+json\" class=\"yoast-schema-graph\">{\"@context\":\"https:\\\/\\\/schema.org\",\"@graph\":[{\"@type\":\"WebPage\",\"@id\":\"https:\\\/\\\/epsis.com\\\/investor\\\/\",\"url\":\"https:\\\/\\\/epsis.com\\\/investor\\\/\",\"name\":\"Investor - Epsis\",\"isPartOf\":{\"@id\":\"https:\\\/\\\/epsis.com\\\/#website\"},\"datePublished\":\"2022-03-29T12:31:12+00:00\",\"dateModified\":\"2025-09-16T08:07:45+00:00\",\"description\":\"Investor Relations - Here you will find relevant information for investors and upcoming investment opportunities in Epsis.\",\"breadcrumb\":{\"@id\":\"https:\\\/\\\/epsis.com\\\/investor\\\/#breadcrumb\"},\"inLanguage\":\"nb-NO\",\"potentialAction\":[{\"@type\":\"ReadAction\",\"target\":[\"https:\\\/\\\/epsis.com\\\/investor\\\/\"]}]},{\"@type\":\"BreadcrumbList\",\"@id\":\"https:\\\/\\\/epsis.com\\\/investor\\\/#breadcrumb\",\"itemListElement\":[{\"@type\":\"ListItem\",\"position\":1,\"name\":\"Epsis\",\"item\":\"https:\\\/\\\/epsis.com\\\/\"},{\"@type\":\"ListItem\",\"position\":2,\"name\":\"Investor\"}]},{\"@type\":\"WebSite\",\"@id\":\"https:\\\/\\\/epsis.com\\\/#website\",\"url\":\"https:\\\/\\\/epsis.com\\\/\",\"name\":\"Epsis\",\"description\":\"We care about tomorrows work\",\"publisher\":{\"@id\":\"https:\\\/\\\/epsis.com\\\/#organization\"},\"potentialAction\":[{\"@type\":\"SearchAction\",\"target\":{\"@type\":\"EntryPoint\",\"urlTemplate\":\"https:\\\/\\\/epsis.com\\\/?s={search_term_string}\"},\"query-input\":{\"@type\":\"PropertyValueSpecification\",\"valueRequired\":true,\"valueName\":\"search_term_string\"}}],\"inLanguage\":\"nb-NO\"},{\"@type\":\"Organization\",\"@id\":\"https:\\\/\\\/epsis.com\\\/#organization\",\"name\":\"Epsis\",\"url\":\"https:\\\/\\\/epsis.com\\\/\",\"logo\":{\"@type\":\"ImageObject\",\"inLanguage\":\"nb-NO\",\"@id\":\"https:\\\/\\\/epsis.com\\\/#\\\/schema\\\/logo\\\/image\\\/\",\"url\":\"https:\\\/\\\/epsis.com\\\/wp-content\\\/uploads\\\/2021\\\/09\\\/cropped-Epsis-blk.png\",\"contentUrl\":\"https:\\\/\\\/epsis.com\\\/wp-content\\\/uploads\\\/2021\\\/09\\\/cropped-Epsis-blk.png\",\"width\":400,\"height\":155,\"caption\":\"Epsis\"},\"image\":{\"@id\":\"https:\\\/\\\/epsis.com\\\/#\\\/schema\\\/logo\\\/image\\\/\"},\"sameAs\":[\"https:\\\/\\\/www.facebook.com\\\/EpsisAs\",\"https:\\\/\\\/www.instagram.com\\\/epsisofficial\\\/\",\"https:\\\/\\\/www.linkedin.com\\\/company\\\/epsis\\\/\"]}]}<\/script>\n<!-- \/ Yoast SEO plugin. -->","yoast_head_json":{"title":"Investor - Epsis","description":"Investor Relations - Her finner du relevant informasjon for investorer og kommende investeringsmuligheter i Epsis.","robots":{"index":"index","follow":"follow","max-snippet":"max-snippet:-1","max-image-preview":"max-image-preview:large","max-video-preview":"max-video-preview:-1"},"canonical":"https:\/\/epsis.com\/no\/investor\/","og_locale":"nb_NO","og_type":"article","og_title":"Investor - Epsis","og_description":"Investor Relations - Here you will find relevant information for investors and upcoming investment opportunities in Epsis.","og_url":"https:\/\/epsis.com\/no\/investor\/","og_site_name":"Epsis","article_publisher":"https:\/\/www.facebook.com\/EpsisAs","article_modified_time":"2025-09-16T08:07:45+00:00","og_image":[{"width":1200,"height":800,"url":"https:\/\/epsis.com\/wp-content\/uploads\/2022\/02\/ioc-webinar.png","type":"image\/png"}],"twitter_card":"summary_large_image","twitter_misc":{"Ansl. lesetid":"2 minutter"},"schema":{"@context":"https:\/\/schema.org","@graph":[{"@type":"WebPage","@id":"https:\/\/epsis.com\/investor\/","url":"https:\/\/epsis.com\/investor\/","name":"Investor - Epsis","isPartOf":{"@id":"https:\/\/epsis.com\/#website"},"datePublished":"2022-03-29T12:31:12+00:00","dateModified":"2025-09-16T08:07:45+00:00","description":"Investor Relations - Her finner du relevant informasjon for investorer og kommende investeringsmuligheter i Epsis.","breadcrumb":{"@id":"https:\/\/epsis.com\/investor\/#breadcrumb"},"inLanguage":"nb-NO","potentialAction":[{"@type":"ReadAction","target":["https:\/\/epsis.com\/investor\/"]}]},{"@type":"BreadcrumbList","@id":"https:\/\/epsis.com\/investor\/#breadcrumb","itemListElement":[{"@type":"ListItem","position":1,"name":"Epsis","item":"https:\/\/epsis.com\/"},{"@type":"ListItem","position":2,"name":"Investor"}]},{"@type":"WebSite","@id":"https:\/\/epsis.com\/#website","url":"https:\/\/epsis.com\/","name":"Epsis","description":"Vi brenner for morgendagens arbeid","publisher":{"@id":"https:\/\/epsis.com\/#organization"},"potentialAction":[{"@type":"SearchAction","target":{"@type":"EntryPoint","urlTemplate":"https:\/\/epsis.com\/?s={search_term_string}"},"query-input":{"@type":"PropertyValueSpecification","valueRequired":true,"valueName":"search_term_string"}}],"inLanguage":"nb-NO"},{"@type":"Organization","@id":"https:\/\/epsis.com\/#organization","name":"Epsis","url":"https:\/\/epsis.com\/","logo":{"@type":"ImageObject","inLanguage":"nb-NO","@id":"https:\/\/epsis.com\/#\/schema\/logo\/image\/","url":"https:\/\/epsis.com\/wp-content\/uploads\/2021\/09\/cropped-Epsis-blk.png","contentUrl":"https:\/\/epsis.com\/wp-content\/uploads\/2021\/09\/cropped-Epsis-blk.png","width":400,"height":155,"caption":"Epsis"},"image":{"@id":"https:\/\/epsis.com\/#\/schema\/logo\/image\/"},"sameAs":["https:\/\/www.facebook.com\/EpsisAs","https:\/\/www.instagram.com\/epsisofficial\/","https:\/\/www.linkedin.com\/company\/epsis\/"]}]}},"_links":{"self":[{"href":"https:\/\/epsis.com\/no\/wp-json\/wp\/v2\/pages\/950","targetHints":{"allow":["GET"]}}],"collection":[{"href":"https:\/\/epsis.com\/no\/wp-json\/wp\/v2\/pages"}],"about":[{"href":"https:\/\/epsis.com\/no\/wp-json\/wp\/v2\/types\/page"}],"author":[{"embeddable":true,"href":"https:\/\/epsis.com\/no\/wp-json\/wp\/v2\/users\/2"}],"replies":[{"embeddable":true,"href":"https:\/\/epsis.com\/no\/wp-json\/wp\/v2\/comments?post=950"}],"version-history":[{"count":0,"href":"https:\/\/epsis.com\/no\/wp-json\/wp\/v2\/pages\/950\/revisions"}],"wp:attachment":[{"href":"https:\/\/epsis.com\/no\/wp-json\/wp\/v2\/media?parent=950"}],"curies":[{"name":"wp","href":"https:\/\/api.w.org\/{rel}","templated":true}]}}